{"id":16,"date":"2012-04-18T23:55:20","date_gmt":"2012-04-19T04:55:20","guid":{"rendered":"http:\/\/connect.utn.edu.ec\/fica\/carreras\/textil\/?page_id=16"},"modified":"2025-11-06T11:54:12","modified_gmt":"2025-11-06T16:54:12","slug":"mision-y-vision-2","status":"publish","type":"page","link":"https:\/\/textiles.utn.edu.ec\/?page_id=16","title":{"rendered":"Misi\u00f3n y Visi\u00f3n"},"content":{"rendered":"\n<style>\n\/* ====== MISI\u00d3N Y VISI\u00d3N (ESTILO UNIFICADO CON EL RESTO) ====== *\/\n.mv-section {\n  max-width: 1100px;\n  margin: 40px auto;\n  display: flex;\n  flex-direction: column;\n  gap: 30px;\n  padding: 0 20px;\n}\n\n\/* Card base *\/\n.mv-card {\n  background: linear-gradient(135deg, #f8f9fb 0%, #ffffff 100%);\n  border-radius: 16px;\n  box-shadow: 0 8px 25px rgba(0,0,0,0.08);\n  border-left: 6px solid #d40000;\n  padding: 28px 30px;\n  transition: transform 0.3s ease, box-shadow 0.3s ease;\n}\n\n.mv-card:hover {\n  transform: translateY(-4px);\n  box-shadow: 0 10px 28px rgba(0,0,0,0.12);\n}\n\n\/* T\u00edtulo *\/\n.mv-title {\n  text-transform: uppercase;\n  font-weight: 700;\n  color: #d40000;\n  font-size: 20px;\n  margin-bottom: 12px;\n}\n\n\/* Texto *\/\n.mv-text {\n  font-size: 16px;\n  line-height: 1.8;\n  color: #444;\n  text-align: justify;\n}\n\n\/* Responsive *\/\n@media (max-width: 700px) {\n  .mv-card {\n    padding: 22px 20px;\n  }\n  .mv-text {\n    font-size: 15.5px;\n  }\n}\n<\/style>\n\n<section class=\"mv-section\">\n  <!-- MISI\u00d3N -->\n  <div class=\"mv-card\">\n    <h3 class=\"mv-title\">Misi\u00f3n<\/h3>\n    <p class=\"mv-text\">\n      La Carrera de Textiles es una Unidad Acad\u00e9mica B\u00e1sica de la Universidad T\u00e9cnica del Norte, \n      que forma profesionales de excelencia, \u00e9ticos, cr\u00edticos, humanistas, l\u00edderes y emprendedores \n      con responsabilidad social; genera, fomenta y ejecuta procesos de investigaci\u00f3n, de \n      transferencia de saberes, de conocimientos cient\u00edficos, tecnol\u00f3gicos y de innovaci\u00f3n; \n      se vincula con la comunidad, con criterios de sustentabilidad para contribuir al desarrollo \n      social, econ\u00f3mico, cultural y ecol\u00f3gico de la regi\u00f3n y del pa\u00eds.\n    <\/p>\n  <\/div>\n\n  <!-- VISI\u00d3N -->\n  <div class=\"mv-card\">\n    <h3 class=\"mv-title\">Visi\u00f3n<\/h3>\n    <p class=\"mv-text\">\n      La Carrera de Textiles de la Universidad T\u00e9cnica del Norte, ser\u00e1 una Unidad Acad\u00e9mica B\u00e1sica, \n      internacional, sustentable, intercultural y humanista, l\u00edder en la formaci\u00f3n integral e inclusiva \n      con impacto social, desarrolla investigaci\u00f3n, innovaci\u00f3n y vinculaci\u00f3n de excelencia y responde \n      a las demandas y necesidades de la sociedad, aportando en su transformaci\u00f3n.\n    <\/p>\n  <\/div>\n<\/section>\n\n","protected":false},"excerpt":{"rendered":"<p>Misi\u00f3n La Carrera de Textiles es una Unidad Acad\u00e9mica B\u00e1sica de la Universidad T\u00e9cnica del Norte, que forma profesionales de excelencia, \u00e9ticos, cr\u00edticos, humanistas, l\u00edderes y emprendedores con responsabilidad social; genera, fomenta y ejecuta procesos de investigaci\u00f3n, de transferencia de <a href=\"https:\/\/textiles.utn.edu.ec\/?page_id=16\" class=\"read-more\">Leer M\u00e1s [+] &#8230;<\/a><\/p>\n","protected":false},"author":7,"featured_media":0,"parent":4,"menu_order":3,"comment_status":"closed","ping_status":"closed","template":"","meta":[],"_links":{"self":[{"href":"https:\/\/textiles.utn.edu.ec\/index.php?rest_route=\/wp\/v2\/pages\/16"}],"collection":[{"href":"https:\/\/textiles.utn.edu.ec\/index.php?rest_route=\/wp\/v2\/pages"}],"about":[{"href":"https:\/\/textiles.utn.edu.ec\/index.php?rest_route=\/wp\/v2\/types\/page"}],"author":[{"embeddable":true,"href":"https:\/\/textiles.utn.edu.ec\/index.php?rest_route=\/wp\/v2\/users\/7"}],"replies":[{"embeddable":true,"href":"https:\/\/textiles.utn.edu.ec\/index.php?rest_route=%2Fwp%2Fv2%2Fcomments&post=16"}],"version-history":[{"count":65,"href":"https:\/\/textiles.utn.edu.ec\/index.php?rest_route=\/wp\/v2\/pages\/16\/revisions"}],"predecessor-version":[{"id":3179,"href":"https:\/\/textiles.utn.edu.ec\/index.php?rest_route=\/wp\/v2\/pages\/16\/revisions\/3179"}],"up":[{"embeddable":true,"href":"https:\/\/textiles.utn.edu.ec\/index.php?rest_route=\/wp\/v2\/pages\/4"}],"wp:attachment":[{"href":"https:\/\/textiles.utn.edu.ec\/index.php?rest_route=%2Fwp%2Fv2%2Fmedia&parent=16"}],"curies":[{"name":"wp","href":"https:\/\/api.w.org\/{rel}","templated":true}]}}