{"id":2795,"date":"2023-01-12T10:46:32","date_gmt":"2023-01-12T15:46:32","guid":{"rendered":"https:\/\/textiles.utn.edu.ec\/?page_id=2795"},"modified":"2023-01-13T00:27:25","modified_gmt":"2023-01-13T05:27:25","slug":"proyectos-de-vinculacion","status":"publish","type":"page","link":"https:\/\/textiles.utn.edu.ec\/?page_id=2795","title":{"rendered":"Proyectos de Vinculaci\u00f3n"},"content":{"rendered":"\n<p>La carrera de textiles involucra tanto a docentes como estudiantes los cuales se relacionan con el entorno, a fin de interactuar e intercambiar conocimientos y estrategias para solucionar los problemas en los distintos temas de elaboraci\u00f3n textil de los habitantes de las diferentes comunidades urbanas y rurales a trav\u00e9s de los programas y proyectos del componente de vinculaci\u00f3n con la sociedad que ofrece la academia.<\/p>\n\n\n\n<p><br>El proyecto integra a todos los niveles sociales en sus diferentes actividades acad\u00e9micas, productivas y econ\u00f3micas. Los nuevos modelos de negocios requieren de nuevos procesos y ambientes aprovechando los recursos tecnol\u00f3gicos disponibles.<\/p>\n\n\n\n<p><\/p>\n\n\n\n<p><a rel=\"noreferrer noopener\" href=\"https:\/\/textiles.utn.edu.ec\/wp-content\/uploads\/2023\/01\/PROGRAMAS-DE-VINCULACIO\u0301N-CTEX.pdf\" data-type=\"URL\" data-id=\"https:\/\/textiles.utn.edu.ec\/wp-content\/uploads\/2023\/01\/PROGRAMAS-DE-VINCULACIO\u0301N-CTEX.pdf\" target=\"_blank\"><span style=\"color:#104ce4\" class=\"has-inline-color\">Proyectos de Vinculaci\u00f3n para descargar<\/span><\/a><\/p>\n","protected":false},"excerpt":{"rendered":"<p>La carrera de textiles involucra tanto a docentes como estudiantes los cuales se relacionan con el entorno, a fin de interactuar e intercambiar conocimientos y estrategias para solucionar los problemas en los distintos temas de elaboraci\u00f3n textil de los habitantes <a href=\"https:\/\/textiles.utn.edu.ec\/?page_id=2795\" class=\"read-more\">Leer M\u00e1s [+] &#8230;<\/a><\/p>\n","protected":false},"author":10,"featured_media":0,"parent":0,"menu_order":0,"comment_status":"closed","ping_status":"closed","template":"","meta":[],"_links":{"self":[{"href":"https:\/\/textiles.utn.edu.ec\/index.php?rest_route=\/wp\/v2\/pages\/2795"}],"collection":[{"href":"https:\/\/textiles.utn.edu.ec\/index.php?rest_route=\/wp\/v2\/pages"}],"about":[{"href":"https:\/\/textiles.utn.edu.ec\/index.php?rest_route=\/wp\/v2\/types\/page"}],"author":[{"embeddable":true,"href":"https:\/\/textiles.utn.edu.ec\/index.php?rest_route=\/wp\/v2\/users\/10"}],"replies":[{"embeddable":true,"href":"https:\/\/textiles.utn.edu.ec\/index.php?rest_route=%2Fwp%2Fv2%2Fcomments&post=2795"}],"version-history":[{"count":6,"href":"https:\/\/textiles.utn.edu.ec\/index.php?rest_route=\/wp\/v2\/pages\/2795\/revisions"}],"predecessor-version":[{"id":2868,"href":"https:\/\/textiles.utn.edu.ec\/index.php?rest_route=\/wp\/v2\/pages\/2795\/revisions\/2868"}],"wp:attachment":[{"href":"https:\/\/textiles.utn.edu.ec\/index.php?rest_route=%2Fwp%2Fv2%2Fmedia&parent=2795"}],"curies":[{"name":"wp","href":"https:\/\/api.w.org\/{rel}","templated":true}]}}