{"id":29,"date":"2012-04-19T00:00:09","date_gmt":"2012-04-19T05:00:09","guid":{"rendered":"http:\/\/connect.utn.edu.ec\/fica\/carreras\/textil\/?page_id=29"},"modified":"2025-11-06T12:27:35","modified_gmt":"2025-11-06T17:27:35","slug":"perfil-de-ingreso","status":"publish","type":"page","link":"https:\/\/textiles.utn.edu.ec\/?page_id=29","title":{"rendered":"Perfil de Ingreso"},"content":{"rendered":"\n<style>\n\/* ====== PERFIL DE INGRESO ====== *\/\n.profile-section {\n  max-width: 900px;\n  margin: 40px auto;\n  padding: 30px 28px 36px;\n  background: linear-gradient(135deg, #f8f9fb 0%, #ffffff 100%);\n  border-radius: 18px;\n  box-shadow: 0 8px 25px rgba(0,0,0,0.08);\n  transition: all 0.3s ease-in-out;\n}\n\n.profile-title {\n  font-size: 22px;\n  color: #d40000;\n  font-weight: 700;\n  margin-bottom: 14px;\n}\n\n.profile-text {\n  font-size: 16px;\n  line-height: 1.75;\n  color: #444;\n  text-align: justify;\n  margin-bottom: 20px;\n}\n\n\/* ====== IMAGEN ====== *\/\n.profile-image {\n  text-align: center;\n  margin-bottom: 24px;\n}\n\n.profile-image img {\n  max-width: 60%;\n  height: auto;\n  border-radius: 16px;\n  box-shadow: 0 8px 22px rgba(0,0,0,0.15);\n  transition: transform 0.3s ease;\n}\n\n.profile-image img:hover {\n  transform: scale(1.02);\n}\n\n\/* ====== LISTAS ====== *\/\n.profile-list-title {\n  font-weight: 700;\n  color: #000;\n  margin-top: 18px;\n  margin-bottom: 6px;\n  font-size: 16.2px;\n}\n\n.profile-list {\n  margin-left: 20px;\n  margin-bottom: 12px;\n  color: #444;\n}\n\n.profile-list li {\n  margin-bottom: 4px;\n  line-height: 1.6;\n}\n\n\/* Responsive *\/\n@media (max-width: 700px) {\n  .profile-section {\n    padding: 22px 20px 28px;\n  }\n}\n<\/style>\n\n<section class=\"profile-section\">\n  <p class=\"profile-text\">\n    El Ingeniero Textil es un profesional capaz de realizar actividades enmarcadas en la proactividad,\n    liderazgo y trabajo en equipo, para ello dentro de sus competencias acad\u00e9micas:\n  <\/p>\n\n  <!-- IMAGEN -->\n  <div class=\"profile-image\">\n    <img src=\"https:\/\/textiles.utn.edu.ec\/wp-content\/uploads\/2020\/11\/6.-Perfil-de-ingreso-768x576.jpg\" alt=\"Estudiantes de Ingenier\u00eda en Textiles - UTN\">\n  <\/div>\n\n  <div class=\"profile-text\">\n    <ul class=\"profile-list\">\n      <li>El estudiante que ingrese a la carrera de Ingenier\u00eda en Textiles deber\u00e1 cumplir con el perfil de egreso del Bachillerato estipulado por el Ministerio de Educaci\u00f3n.<\/li>\n      <li>Cumplir con el cronograma de acceso a la oferta acad\u00e9mica y de cupos del EAES (Examen de Acceso a la Educaci\u00f3n Superior).<\/li>\n      <li>El aspirante a Ingeniero en Textiles deber\u00e1 contar con los siguientes conocimientos, habilidades y destrezas:<\/li>\n    <\/ul>\n\n    <p class=\"profile-list-title\">Conocimientos<\/p>\n    <ul class=\"profile-list\">\n      <li>Matem\u00e1ticas, F\u00edsica y Qu\u00edmica.<\/li>\n      <li>Comunicaci\u00f3n oral y escrita.<\/li>\n      <li>Cultura general.<\/li>\n    <\/ul>\n\n    <p class=\"profile-list-title\">Habilidades<\/p>\n    <ul class=\"profile-list\">\n      <li>Autoconfianza.<\/li>\n      <li>Liderazgo.<\/li>\n      <li>Disciplina.<\/li>\n      <li>Trabajo en equipo.<\/li>\n      <li>Responsabilidad.<\/li>\n    <\/ul>\n\n    <p class=\"profile-list-title\">Destrezas<\/p>\n    <ul class=\"profile-list\">\n      <li>Razonamiento l\u00f3gico-matem\u00e1tico.<\/li>\n      <li>Razonamiento verbal y escrito.<\/li>\n      <li>Creatividad e innovaci\u00f3n.<\/li>\n    <\/ul>\n  <\/div>\n<\/section>\n\n\n\n\n<p><\/p>\n","protected":false},"excerpt":{"rendered":"<p>El Ingeniero Textil es un profesional capaz de realizar actividades enmarcadas en la proactividad, liderazgo y trabajo en equipo, para ello dentro de sus competencias acad\u00e9micas: El estudiante que ingrese a la carrera de Ingenier\u00eda en Textiles deber\u00e1 cumplir con <a href=\"https:\/\/textiles.utn.edu.ec\/?page_id=29\" class=\"read-more\">Leer M\u00e1s [+] &#8230;<\/a><\/p>\n","protected":false},"author":7,"featured_media":0,"parent":12,"menu_order":1,"comment_status":"closed","ping_status":"closed","template":"","meta":[],"_links":{"self":[{"href":"https:\/\/textiles.utn.edu.ec\/index.php?rest_route=\/wp\/v2\/pages\/29"}],"collection":[{"href":"https:\/\/textiles.utn.edu.ec\/index.php?rest_route=\/wp\/v2\/pages"}],"about":[{"href":"https:\/\/textiles.utn.edu.ec\/index.php?rest_route=\/wp\/v2\/types\/page"}],"author":[{"embeddable":true,"href":"https:\/\/textiles.utn.edu.ec\/index.php?rest_route=\/wp\/v2\/users\/7"}],"replies":[{"embeddable":true,"href":"https:\/\/textiles.utn.edu.ec\/index.php?rest_route=%2Fwp%2Fv2%2Fcomments&post=29"}],"version-history":[{"count":56,"href":"https:\/\/textiles.utn.edu.ec\/index.php?rest_route=\/wp\/v2\/pages\/29\/revisions"}],"predecessor-version":[{"id":3205,"href":"https:\/\/textiles.utn.edu.ec\/index.php?rest_route=\/wp\/v2\/pages\/29\/revisions\/3205"}],"up":[{"embeddable":true,"href":"https:\/\/textiles.utn.edu.ec\/index.php?rest_route=\/wp\/v2\/pages\/12"}],"wp:attachment":[{"href":"https:\/\/textiles.utn.edu.ec\/index.php?rest_route=%2Fwp%2Fv2%2Fmedia&parent=29"}],"curies":[{"name":"wp","href":"https:\/\/api.w.org\/{rel}","templated":true}]}}