{"id":710,"date":"2013-05-17T13:38:23","date_gmt":"2013-05-17T18:38:23","guid":{"rendered":"http:\/\/www.utn.edu.ec\/fica\/carreras\/textil\/?page_id=710"},"modified":"2023-01-11T20:41:15","modified_gmt":"2023-01-12T01:41:15","slug":"infraestructura-tecnologica","status":"publish","type":"page","link":"https:\/\/textiles.utn.edu.ec\/?page_id=710","title":{"rendered":"Laboratorios \/ Infraestructura"},"content":{"rendered":"<p>La Carrera de Textiles de la Universidad T\u00e9cnica del Norte dispone de nuevos y modernos entornos de aprendizaje, laboratorios con equipos de alta tecnolog\u00eda donde tanto docentes como estudiantes desarrollan sus pr\u00e1cticas de pruebas de calidad f\u00edsicas y qu\u00edmicas para facilitar el aprendizaje de competencias indispensables en el futuro profesional textil.<br \/>Los cambios incluyen una profunda transformaci\u00f3n para adaptar los entornos en aprendizajes espec\u00edficos en laboratorios de:<\/p>\n<ul>\n<li>Procesos f\u00edsicos<\/li>\n<li>Procesos qu\u00edmicos<\/li>\n<li>Hilatura<\/li>\n<li>Tejedur\u00eda plana<\/li>\n<li>Tejedur\u00eda de punto<\/li>\n<li>Tintorer\u00eda<\/li>\n<li>Acabados<\/li>\n<li>Dise\u00f1o y Confecci\u00f3n<\/li>\n<\/ul>\n<p style=\"text-align: left; padding-left: 40px;\"><em><a href=\"https:\/\/textiles.utn.edu.ec\/wp-content\/uploads\/2020\/11\/3.-ANEXO-ESPECIFICACIONES-DE-LOS-EQUIPOS-DE-LABORATORIO.pdf\"><span style=\"color: #0000ff;\">ANEXO ESPECIFICACIONES DE LOS EQUIPOS DE LABORATORIO (pdf).<\/span><\/a><\/em><\/p>\n<p style=\"text-align: left; padding-left: 40px;\"><em>\u00a0\u00a0<\/em><\/p>\n<p style=\"text-align: left; padding-left: 40px;\"><em><a href=\"https:\/\/textiles.utn.edu.ec\/wp-content\/uploads\/2023\/01\/Tarifario-2022-codificado.pdf\"><span style=\"color: #0000ff;\">ANEXO ENSAYOS TEXTILES LABORATORIO DE LA CALIDAD CTEX-UTN (pdf).<\/span><\/a> \u00a0 \u00a0 \u00a0 \u00a0 \u00a0 \u00a0 \u00a0 \u00a0 \u00a0 \u00a0\u00a0<\/em><\/p>\n<p>\u00a0<\/p>\n<hr \/>\n\n\n<p class=\"has-text-align-center has-vivid-red-color has-text-color\"><strong>Video : Ensayo de resistencia al fuego <\/strong><\/p>\n\n\n\n<figure class=\"wp-block-video aligncenter\"><video controls src=\"https:\/\/textiles.utn.edu.ec\/wp-content\/uploads\/2020\/11\/2.-Ensayo-de-resistencia-al-fuego.mp4\"><\/video><\/figure>\n\n\n\n<p><\/p>\n","protected":false},"excerpt":{"rendered":"<p>La Carrera de Textiles de la Universidad T\u00e9cnica del Norte dispone de nuevos y modernos entornos de aprendizaje, laboratorios con equipos de alta tecnolog\u00eda donde tanto docentes como estudiantes desarrollan sus pr\u00e1cticas de pruebas de calidad f\u00edsicas y qu\u00edmicas para <a href=\"https:\/\/textiles.utn.edu.ec\/?page_id=710\" class=\"read-more\">Leer M\u00e1s [+] &#8230;<\/a><\/p>\n","protected":false},"author":7,"featured_media":0,"parent":4,"menu_order":6,"comment_status":"closed","ping_status":"closed","template":"","meta":[],"_links":{"self":[{"href":"https:\/\/textiles.utn.edu.ec\/index.php?rest_route=\/wp\/v2\/pages\/710"}],"collection":[{"href":"https:\/\/textiles.utn.edu.ec\/index.php?rest_route=\/wp\/v2\/pages"}],"about":[{"href":"https:\/\/textiles.utn.edu.ec\/index.php?rest_route=\/wp\/v2\/types\/page"}],"author":[{"embeddable":true,"href":"https:\/\/textiles.utn.edu.ec\/index.php?rest_route=\/wp\/v2\/users\/7"}],"replies":[{"embeddable":true,"href":"https:\/\/textiles.utn.edu.ec\/index.php?rest_route=%2Fwp%2Fv2%2Fcomments&post=710"}],"version-history":[{"count":54,"href":"https:\/\/textiles.utn.edu.ec\/index.php?rest_route=\/wp\/v2\/pages\/710\/revisions"}],"predecessor-version":[{"id":2856,"href":"https:\/\/textiles.utn.edu.ec\/index.php?rest_route=\/wp\/v2\/pages\/710\/revisions\/2856"}],"up":[{"embeddable":true,"href":"https:\/\/textiles.utn.edu.ec\/index.php?rest_route=\/wp\/v2\/pages\/4"}],"wp:attachment":[{"href":"https:\/\/textiles.utn.edu.ec\/index.php?rest_route=%2Fwp%2Fv2%2Fmedia&parent=710"}],"curies":[{"name":"wp","href":"https:\/\/api.w.org\/{rel}","templated":true}]}}