{"id":737,"date":"2013-05-17T13:46:09","date_gmt":"2013-05-17T18:46:09","guid":{"rendered":"http:\/\/www.utn.edu.ec\/fica\/carreras\/textil\/?page_id=737"},"modified":"2023-01-12T10:36:02","modified_gmt":"2023-01-12T15:36:02","slug":"giras-academicas","status":"publish","type":"page","link":"https:\/\/textiles.utn.edu.ec\/?page_id=737","title":{"rendered":"Giras Acad\u00e9micas"},"content":{"rendered":"<h3 style=\"text-align: justify; color: #000000;\">Giras Acad\u00e9micas de la Carrera en Ingenier\u00eda Textil<\/h3>\n<p style=\"text-align: justify;\">La Carrera de Textiles CTEX de la Universidad T\u00e9cnica del Norte realiza giras de observaci\u00f3n a las diferentes grandes empresas del sector textil ubicadas en las principales ciudades del Ecuador como son Quito, Guayaquil y Cuenca, para fortalecer las actividades acad\u00e9micas dictadas en las aulas.<\/p>\n<p>\u00a0<\/p>\n<p>GIRA DE OBSERVACI\u00d3N DELLTEX INDUSTRIAL, QUITO JUNIO 2018.<\/p>\n<p>Objetivo principal: Reconocer y diferenciar los procesos de fabricaci\u00f3n de hilos y tejidos sint\u00e9ticos como acr\u00edlico y poli\u00e9ster a partir del tow.\u00a0<\/p>\n\n\n<div class=\"wp-block-image\"><figure class=\"aligncenter size-large\"><a href=\"https:\/\/www.utn.edu.ec\/fica\/carreras\/textil\/wp-content\/uploads\/2021\/02\/27.-Gira-empresa-Delltex-Industrial-Quito.png\"><img loading=\"lazy\" width=\"1024\" height=\"769\" src=\"https:\/\/www.utn.edu.ec\/fica\/carreras\/textil\/wp-content\/uploads\/2021\/02\/27.-Gira-empresa-Delltex-Industrial-Quito.png\" alt=\"\" class=\"wp-image-1991\" srcset=\"https:\/\/textiles.utn.edu.ec\/wp-content\/uploads\/2021\/02\/27.-Gira-empresa-Delltex-Industrial-Quito.png 1024w, https:\/\/textiles.utn.edu.ec\/wp-content\/uploads\/2021\/02\/27.-Gira-empresa-Delltex-Industrial-Quito-300x225.png 300w, https:\/\/textiles.utn.edu.ec\/wp-content\/uploads\/2021\/02\/27.-Gira-empresa-Delltex-Industrial-Quito-768x577.png 768w, https:\/\/textiles.utn.edu.ec\/wp-content\/uploads\/2021\/02\/27.-Gira-empresa-Delltex-Industrial-Quito-360x270.png 360w\" sizes=\"(max-width: 1024px) 100vw, 1024px\" \/><\/a><\/figure><\/div>\n\n\n<p style=\"text-align: center;\"><em>Gira empresa Delltex Industrial &#8211; Quito<\/em><\/p>\n<p>\u00a0<\/p>\n<p>GIRA DE OBSERVACI\u00d3N EMPRESA ABAC\u00c1 ECUADOR, SANTO DOMINGO JULIO 2018.<\/p>\n<p>Objetivo: Conocer el proceso de siembra, abono, cosecha y obtenci\u00f3n de la fibra natural de abac\u00e1.<\/p>\n\n\n<div class=\"wp-block-image\"><figure class=\"aligncenter size-large\"><a href=\"https:\/\/www.utn.edu.ec\/fica\/carreras\/textil\/wp-content\/uploads\/2021\/02\/28.-Gira-empresa-Abaca-Ecuador-Santo-Domingo.jpg\"><img loading=\"lazy\" width=\"1024\" height=\"576\" src=\"https:\/\/www.utn.edu.ec\/fica\/carreras\/textil\/wp-content\/uploads\/2021\/02\/28.-Gira-empresa-Abaca-Ecuador-Santo-Domingo-1024x576.jpg\" alt=\"\" class=\"wp-image-1992\" srcset=\"https:\/\/textiles.utn.edu.ec\/wp-content\/uploads\/2021\/02\/28.-Gira-empresa-Abaca-Ecuador-Santo-Domingo-1024x576.jpg 1024w, https:\/\/textiles.utn.edu.ec\/wp-content\/uploads\/2021\/02\/28.-Gira-empresa-Abaca-Ecuador-Santo-Domingo-300x169.jpg 300w, https:\/\/textiles.utn.edu.ec\/wp-content\/uploads\/2021\/02\/28.-Gira-empresa-Abaca-Ecuador-Santo-Domingo-768x432.jpg 768w, https:\/\/textiles.utn.edu.ec\/wp-content\/uploads\/2021\/02\/28.-Gira-empresa-Abaca-Ecuador-Santo-Domingo-360x203.jpg 360w, https:\/\/textiles.utn.edu.ec\/wp-content\/uploads\/2021\/02\/28.-Gira-empresa-Abaca-Ecuador-Santo-Domingo.jpg 1152w\" sizes=\"(max-width: 1024px) 100vw, 1024px\" \/><\/a><\/figure><\/div>\n\n\n<p style=\"text-align: center;\"><em>Gira empresa Abac\u00e1 Ecuador \u2013 Santo Domingo<\/em><\/p>\n<p>\u00a0<\/p>\n<p>GIRA DE OBSERVACI\u00d3N EMPRESA ENKADOR, QUITO&#8230;.<\/p>\n<p>Objetivo:<\/p>\n\n\n<div class=\"wp-block-image\"><figure class=\"aligncenter\"><img loading=\"lazy\" width=\"1024\" height=\"768\" src=\"https:\/\/www.utn.edu.ec\/fica\/carreras\/textil\/wp-content\/uploads\/2020\/11\/29.-Gira-empresa-Enkador-Quito-1024x768.jpg\" alt=\"Gira empresa Enkador \u2013 Quito\" class=\"wp-image-1537\" srcset=\"https:\/\/textiles.utn.edu.ec\/wp-content\/uploads\/2020\/11\/29.-Gira-empresa-Enkador-Quito-1024x768.jpg 1024w, https:\/\/textiles.utn.edu.ec\/wp-content\/uploads\/2020\/11\/29.-Gira-empresa-Enkador-Quito-300x225.jpg 300w, https:\/\/textiles.utn.edu.ec\/wp-content\/uploads\/2020\/11\/29.-Gira-empresa-Enkador-Quito-768x576.jpg 768w, https:\/\/textiles.utn.edu.ec\/wp-content\/uploads\/2020\/11\/29.-Gira-empresa-Enkador-Quito-360x270.jpg 360w\" sizes=\"(max-width: 1024px) 100vw, 1024px\" \/><\/figure><\/div>\n\n\n<p style=\"text-align: center;\"><em>Gira empresa Enkador \u2013 Quito<\/em><\/p>\n<p>\u00a0<\/p>\n<p>GIRA DE OBSERVACI\u00d3N EMPRESA INSOMET, CUENCA&#8230;.<\/p>\n<p>Objetivo:<\/p>\n\n\n<div class=\"wp-block-image\"><figure class=\"aligncenter\"><img loading=\"lazy\" width=\"1024\" height=\"768\" src=\"https:\/\/www.utn.edu.ec\/fica\/carreras\/textil\/wp-content\/uploads\/2020\/11\/30.-Gira-empresa-Insomet-Cuenca-1024x768.jpg\" alt=\"Gira empresa Insomet \u2013 Cuenca\" class=\"wp-image-1538\" srcset=\"https:\/\/textiles.utn.edu.ec\/wp-content\/uploads\/2020\/11\/30.-Gira-empresa-Insomet-Cuenca-1024x768.jpg 1024w, https:\/\/textiles.utn.edu.ec\/wp-content\/uploads\/2020\/11\/30.-Gira-empresa-Insomet-Cuenca-300x225.jpg 300w, https:\/\/textiles.utn.edu.ec\/wp-content\/uploads\/2020\/11\/30.-Gira-empresa-Insomet-Cuenca-768x576.jpg 768w, https:\/\/textiles.utn.edu.ec\/wp-content\/uploads\/2020\/11\/30.-Gira-empresa-Insomet-Cuenca-360x270.jpg 360w\" sizes=\"(max-width: 1024px) 100vw, 1024px\" \/><\/figure><\/div>\n\n\n<p style=\"text-align: center;\"><em>Gira empresa Insomet \u2013 Cuenca<\/em><\/p>\n<p>\u00a0<\/p>\n<p>GIRA EMPRESA PASAMANER\u00cdA, CUENCA&#8230;.<\/p>\n<p>Objetivo:\u00a0<\/p>\n\n\n<div class=\"wp-block-image\"><figure class=\"aligncenter size-large\"><a href=\"https:\/\/www.utn.edu.ec\/fica\/carreras\/textil\/wp-content\/uploads\/2021\/02\/31.-Gira-empresa-Pasamaneria-Cuenca-scaled.jpg\"><img loading=\"lazy\" width=\"1024\" height=\"768\" src=\"https:\/\/www.utn.edu.ec\/fica\/carreras\/textil\/wp-content\/uploads\/2021\/02\/31.-Gira-empresa-Pasamaneria-Cuenca-1024x768.jpg\" alt=\"\" class=\"wp-image-1995\" srcset=\"https:\/\/textiles.utn.edu.ec\/wp-content\/uploads\/2021\/02\/31.-Gira-empresa-Pasamaneria-Cuenca-1024x768.jpg 1024w, https:\/\/textiles.utn.edu.ec\/wp-content\/uploads\/2021\/02\/31.-Gira-empresa-Pasamaneria-Cuenca-300x225.jpg 300w, https:\/\/textiles.utn.edu.ec\/wp-content\/uploads\/2021\/02\/31.-Gira-empresa-Pasamaneria-Cuenca-768x576.jpg 768w, https:\/\/textiles.utn.edu.ec\/wp-content\/uploads\/2021\/02\/31.-Gira-empresa-Pasamaneria-Cuenca-1536x1152.jpg 1536w, https:\/\/textiles.utn.edu.ec\/wp-content\/uploads\/2021\/02\/31.-Gira-empresa-Pasamaneria-Cuenca-2048x1536.jpg 2048w, https:\/\/textiles.utn.edu.ec\/wp-content\/uploads\/2021\/02\/31.-Gira-empresa-Pasamaneria-Cuenca-360x270.jpg 360w\" sizes=\"(max-width: 1024px) 100vw, 1024px\" \/><\/a><\/figure><\/div>\n\n\n<p style=\"text-align: center;\"><em>Gira empresa Pasamaner\u00eda \u2013 Cuenca<\/em><\/p>\n<p>\u00a0<\/p>\n<p>GIRA EMPRESA VICUNHA, QUITO&#8230;.<\/p>\n<p>Objetivo:<\/p>\n\n\n<div class=\"wp-block-image\"><figure class=\"aligncenter\"><img loading=\"lazy\" width=\"1024\" height=\"683\" src=\"https:\/\/www.utn.edu.ec\/fica\/carreras\/textil\/wp-content\/uploads\/2020\/11\/32.-Gira-empresa-Vicunha-Textil-Quito-1024x683.jpg\" alt=\"Gira empresa Vicunha Textil \u2013 Quito\" class=\"wp-image-1540\" srcset=\"https:\/\/textiles.utn.edu.ec\/wp-content\/uploads\/2020\/11\/32.-Gira-empresa-Vicunha-Textil-Quito-1024x683.jpg 1024w, https:\/\/textiles.utn.edu.ec\/wp-content\/uploads\/2020\/11\/32.-Gira-empresa-Vicunha-Textil-Quito-300x200.jpg 300w, https:\/\/textiles.utn.edu.ec\/wp-content\/uploads\/2020\/11\/32.-Gira-empresa-Vicunha-Textil-Quito-768x512.jpg 768w, https:\/\/textiles.utn.edu.ec\/wp-content\/uploads\/2020\/11\/32.-Gira-empresa-Vicunha-Textil-Quito-360x240.jpg 360w, https:\/\/textiles.utn.edu.ec\/wp-content\/uploads\/2020\/11\/32.-Gira-empresa-Vicunha-Textil-Quito.jpg 1920w\" sizes=\"(max-width: 1024px) 100vw, 1024px\" \/><\/figure><\/div>\n\n\n<p style=\"text-align: center;\"><em>Gira empresa Vicunha Textil \u2013 Quito<\/em><\/p>","protected":false},"excerpt":{"rendered":"<p>Giras Acad\u00e9micas de la Carrera en Ingenier\u00eda Textil La Carrera de Textiles CTEX de la Universidad T\u00e9cnica del Norte realiza giras de observaci\u00f3n a las diferentes grandes empresas del sector textil ubicadas en las principales ciudades del Ecuador como son <a href=\"https:\/\/textiles.utn.edu.ec\/?page_id=737\" class=\"read-more\">Leer M\u00e1s [+] &#8230;<\/a><\/p>\n","protected":false},"author":6,"featured_media":0,"parent":733,"menu_order":2,"comment_status":"closed","ping_status":"open","template":"","meta":[],"_links":{"self":[{"href":"https:\/\/textiles.utn.edu.ec\/index.php?rest_route=\/wp\/v2\/pages\/737"}],"collection":[{"href":"https:\/\/textiles.utn.edu.ec\/index.php?rest_route=\/wp\/v2\/pages"}],"about":[{"href":"https:\/\/textiles.utn.edu.ec\/index.php?rest_route=\/wp\/v2\/types\/page"}],"author":[{"embeddable":true,"href":"https:\/\/textiles.utn.edu.ec\/index.php?rest_route=\/wp\/v2\/users\/6"}],"replies":[{"embeddable":true,"href":"https:\/\/textiles.utn.edu.ec\/index.php?rest_route=%2Fwp%2Fv2%2Fcomments&post=737"}],"version-history":[{"count":17,"href":"https:\/\/textiles.utn.edu.ec\/index.php?rest_route=\/wp\/v2\/pages\/737\/revisions"}],"predecessor-version":[{"id":2787,"href":"https:\/\/textiles.utn.edu.ec\/index.php?rest_route=\/wp\/v2\/pages\/737\/revisions\/2787"}],"up":[{"embeddable":true,"href":"https:\/\/textiles.utn.edu.ec\/index.php?rest_route=\/wp\/v2\/pages\/733"}],"wp:attachment":[{"href":"https:\/\/textiles.utn.edu.ec\/index.php?rest_route=%2Fwp%2Fv2%2Fmedia&parent=737"}],"curies":[{"name":"wp","href":"https:\/\/api.w.org\/{rel}","templated":true}]}}