{"id":906,"date":"2016-10-24T09:20:03","date_gmt":"2016-10-24T14:20:03","guid":{"rendered":"http:\/\/www.utn.edu.ec\/fica\/carreras\/textil\/?page_id=906"},"modified":"2025-11-06T13:57:32","modified_gmt":"2025-11-06T18:57:32","slug":"redes-academicas","status":"publish","type":"page","link":"https:\/\/textiles.utn.edu.ec\/?page_id=906","title":{"rendered":"Redes Acad\u00e9micas Internacionales"},"content":{"rendered":"\n<style>\n\/* ====== TABLA DE REDES ACAD\u00c9MICAS ====== *\/\n.redes-section {\n  max-width: 950px;\n  margin: 40px auto;\n  padding: 30px;\n  background: linear-gradient(135deg, #f8f9fb 0%, #ffffff 100%);\n  border-radius: 18px;\n  box-shadow: 0 8px 25px rgba(0,0,0,0.08);\n}\n\n.redes-title {\n  font-size: 22px;\n  color: #d40000;\n  font-weight: 700;\n  margin-bottom: 24px;\n  text-align: center;\n}\n\n.redes-table {\n  width: 100%;\n  border-collapse: collapse;\n  background: #fff;\n  border-radius: 12px;\n  overflow: hidden;\n  box-shadow: 0 6px 16px rgba(0,0,0,0.08);\n}\n\n.redes-table th {\n  background-color: #d40000;\n  color: #fff;\n  text-align: left;\n  font-weight: 600;\n  font-size: 15px;\n  padding: 14px 18px;\n}\n\n.redes-table td {\n  padding: 18px;\n  vertical-align: middle;\n  border-bottom: 1px solid #e0e0e0;\n  color: #444;\n}\n\n.redes-table tr:last-child td {\n  border-bottom: none;\n}\n\n\/* ====== LOGOS ====== *\/\n.redes-table img {\n  width: 110px;\n  height: auto;\n  border-radius: 8px;\n  transition: transform 0.3s ease;\n}\n.redes-table img:hover {\n  transform: scale(1.05);\n}\n\n\/* ====== URLS ====== *\/\n.redes-link a {\n  color: #d40000;\n  font-weight: 600;\n  text-decoration: none;\n  transition: color 0.3s ease;\n}\n.redes-link a:hover {\n  color: #000;\n}\n\n\/* ====== FILAS ====== *\/\n.redes-table tr:hover {\n  background-color: #f9f9f9;\n  transition: 0.3s;\n}\n\n\/* Responsive *\/\n@media (max-width: 750px) {\n  .redes-table th, .redes-table td {\n    padding: 12px;\n    font-size: 14px;\n  }\n  .redes-table img {\n    width: 85px;\n  }\n}\n<\/style>\n\n<section class=\"redes-section\">\n    <table class=\"redes-table\">\n    <thead>\n      <tr>\n        <th>Red Acad\u00e9mica<\/th>\n        <th>Nombre de la Red<\/th>\n        <th>URL de Acceso<\/th>\n      <\/tr>\n    <\/thead>\n    <tbody>\n      <tr>\n        <td><img src=\"https:\/\/utneduec-my.sharepoint.com\/personal\/office365_utn_edu_ec\/_layouts\/15\/guestaccess.aspx?guestaccesstoken=BV8al%2bqtez6VnvJKsjeOvVYlHGeKpBAcWvdKIIwZ18E%3d&#038;docid=0c9622b07726349a9b1dcf320d41eb7fb&#038;rev=1\" alt=\"Logo AUALCPI\"><\/td>\n        <td><strong>AUALCPI<\/strong><br>Asociaci\u00f3n de Universidades de Am\u00e9rica Latina y el Caribe para la Integraci\u00f3n<\/td>\n        <td class=\"redes-link\"><a href=\"https:\/\/www.aualcpi.net\" target=\"_blank\" rel=\"noopener\">www.aualcpi.net<\/a><\/td>\n      <\/tr>\n      <tr>\n        <td><img src=\"https:\/\/utneduec-my.sharepoint.com\/personal\/office365_utn_edu_ec\/_layouts\/15\/guestaccess.aspx?guestaccesstoken=HGXKeICxbpdIH6laby7mc1ahc5fDLfngUQGLABaWGjI%3d&#038;docid=0b3885118bff84d41992ca91bb229f72a&#038;rev=1\" alt=\"Logo AUIP\"><\/td>\n        <td><strong>AUIP<\/strong><br>Asociaci\u00f3n Universitaria Iberoamericana de Postgrado<\/td>\n        <td class=\"redes-link\"><a href=\"https:\/\/www.auip.org\" target=\"_blank\" rel=\"noopener\">www.auip.org<\/a><\/td>\n      <\/tr>\n      <tr>\n        <td><img src=\"https:\/\/utneduec-my.sharepoint.com\/personal\/office365_utn_edu_ec\/_layouts\/15\/guestaccess.aspx?guestaccesstoken=bV0AXrjwnEUz%2bY0Vtdn%2fhoIdC%2flUmj6uNQkEEWcLyiY%3d&#038;docid=0696d5d6bb6ed4c298ce1d79d3fd33b8e&#038;rev=1\" alt=\"Logo Columbus\"><\/td>\n        <td><strong>COLUMBUS<\/strong><br>Asociaci\u00f3n de Universidades de Europa y Am\u00e9rica Latina<\/td>\n        <td class=\"redes-link\"><a href=\"https:\/\/www.columbus-web.org\" target=\"_blank\" rel=\"noopener\">www.columbus-web.org<\/a><\/td>\n      <\/tr>\n      <tr>\n        <td><img src=\"https:\/\/utneduec-my.sharepoint.com\/personal\/office365_utn_edu_ec\/_layouts\/15\/guestaccess.aspx?guestaccesstoken=NwpwNQgLzy6yl8OyIjjNwANMDkG9%2fTchzJirjmZI%2f24%3d&#038;docid=0b800ebd6ee24495fb3873c3adb66d8bd&#038;rev=1\" alt=\"Logo R\u00e1bida\"><\/td>\n        <td><strong>R\u00c1BIDA<\/strong><br>Grupo de Universidades Iberoamericanas La R\u00e1bida<\/td>\n        <td class=\"redes-link\"><a href=\"https:\/\/www.grupolarabida.org\" target=\"_blank\" rel=\"noopener\">www.grupolarabida.org<\/a><\/td>\n      <\/tr>\n      <tr>\n        <td><img src=\"https:\/\/utneduec-my.sharepoint.com\/personal\/office365_utn_edu_ec\/_layouts\/15\/guestaccess.aspx?guestaccesstoken=BcQ4DAtKy%2bY61flTNMpXlttNOa8hQsI3tntXLZ8LuJQ%3d&#038;docid=0c8b077234dd9481ba2f22f93c3fc9517&#038;rev=1\" alt=\"Logo UDUAL\"><\/td>\n        <td><strong>UDUAL<\/strong><br>Uni\u00f3n de Universidades de Am\u00e9rica Latina y el Caribe<\/td>\n        <td class=\"redes-link\"><a href=\"https:\/\/www.udual.org\" target=\"_blank\" rel=\"noopener\">www.udual.org<\/a><\/td>\n      <\/tr>\n    <\/tbody>\n  <\/table>\n<\/section>\n\n","protected":false},"excerpt":{"rendered":"<p>Red Acad\u00e9mica Nombre de la Red URL de Acceso AUALCPIAsociaci\u00f3n de Universidades de Am\u00e9rica Latina y el Caribe para la Integraci\u00f3n www.aualcpi.net AUIPAsociaci\u00f3n Universitaria Iberoamericana de Postgrado www.auip.org COLUMBUSAsociaci\u00f3n de Universidades de Europa y Am\u00e9rica Latina www.columbus-web.org R\u00c1BIDAGrupo de Universidades <a href=\"https:\/\/textiles.utn.edu.ec\/?page_id=906\" class=\"read-more\">Leer M\u00e1s [+] &#8230;<\/a><\/p>\n","protected":false},"author":7,"featured_media":0,"parent":12,"menu_order":0,"comment_status":"closed","ping_status":"closed","template":"","meta":[],"_links":{"self":[{"href":"https:\/\/textiles.utn.edu.ec\/index.php?rest_route=\/wp\/v2\/pages\/906"}],"collection":[{"href":"https:\/\/textiles.utn.edu.ec\/index.php?rest_route=\/wp\/v2\/pages"}],"about":[{"href":"https:\/\/textiles.utn.edu.ec\/index.php?rest_route=\/wp\/v2\/types\/page"}],"author":[{"embeddable":true,"href":"https:\/\/textiles.utn.edu.ec\/index.php?rest_route=\/wp\/v2\/users\/7"}],"replies":[{"embeddable":true,"href":"https:\/\/textiles.utn.edu.ec\/index.php?rest_route=%2Fwp%2Fv2%2Fcomments&post=906"}],"version-history":[{"count":13,"href":"https:\/\/textiles.utn.edu.ec\/index.php?rest_route=\/wp\/v2\/pages\/906\/revisions"}],"predecessor-version":[{"id":3238,"href":"https:\/\/textiles.utn.edu.ec\/index.php?rest_route=\/wp\/v2\/pages\/906\/revisions\/3238"}],"up":[{"embeddable":true,"href":"https:\/\/textiles.utn.edu.ec\/index.php?rest_route=\/wp\/v2\/pages\/12"}],"wp:attachment":[{"href":"https:\/\/textiles.utn.edu.ec\/index.php?rest_route=%2Fwp%2Fv2%2Fmedia&parent=906"}],"curies":[{"name":"wp","href":"https:\/\/api.w.org\/{rel}","templated":true}]}}