{"id":919,"date":"2016-10-24T09:23:13","date_gmt":"2016-10-24T14:23:13","guid":{"rendered":"http:\/\/www.utn.edu.ec\/fica\/carreras\/textil\/?page_id=919"},"modified":"2025-11-07T14:52:23","modified_gmt":"2025-11-07T19:52:23","slug":"redes-de-investigacion","status":"publish","type":"page","link":"https:\/\/textiles.utn.edu.ec\/?page_id=919","title":{"rendered":"Redes de Investigaci\u00f3n"},"content":{"rendered":"\n<!DOCTYPE html>\n<html lang=\"es\">\n<head>\n<meta charset=\"UTF-8\">\n<title>Redes de Investigaci\u00f3n<\/title>\n<style>\n\/* ====== CONTENEDOR GENERAL ====== *\/\n.program-section {\n  max-width: 1100px;\n  margin: 40px auto;\n  padding: 30px 28px;\n  background: linear-gradient(135deg, #f8f9fb 0%, #ffffff 100%);\n  border-radius: 18px;\n  box-shadow: 0 8px 25px rgba(0,0,0,0.08);\n}\n\n\/* ====== T\u00cdTULO ====== *\/\n.program-main-title {\n  text-align: center;\n  font-size: 24px;\n  text-transform: uppercase;\n  color: #c00000;\n  font-weight: 800;\n  margin-bottom: 30px;\n}\n\n\/* ====== TABLA ====== *\/\n.network-table {\n  width: 100%;\n  border-collapse: collapse;\n  font-size: 15px;\n}\n\n.network-table th,\n.network-table td {\n  border: 1px solid #e0e0e0;\n  padding: 12px 14px;\n  text-align: left;\n  vertical-align: middle;\n}\n\n.network-table th {\n  background: #f4f4f4;\n  color: #444;\n  font-weight: 700;\n  text-transform: uppercase;\n  font-size: 14px;\n}\n\n.network-table tr:nth-child(odd) td {\n  background-color: #fcfcfc;\n}\n\n.network-table tr:nth-child(even) td {\n  background-color: #fff;\n}\n\n.network-logo {\n  width: 130px;\n  height: auto;\n  display: block;\n  margin: 6px 0;\n}\n\n\/* ====== ENLACES ====== *\/\n.network-link a {\n  color: #d40000;\n  text-decoration: none;\n  font-weight: 600;\n  transition: all 0.3s ease;\n}\n\n.network-link a:hover {\n  color: #000;\n  text-decoration: underline;\n}\n\n\/* Responsive *\/\n@media (max-width: 700px) {\n  .network-table th, .network-table td {\n    font-size: 13px;\n    padding: 8px;\n  }\n  .network-logo {\n    width: 100px;\n  }\n}\n<\/style>\n<\/head>\n<body>\n\n<section class=\"program-section\">\n    <table class=\"network-table\">\n    <thead>\n      <tr>\n        <th>Red de Investigaci\u00f3n<\/th>\n        <th>Nombre de la Red<\/th>\n        <th>URL de Acceso<\/th>\n      <\/tr>\n    <\/thead>\n    <tbody>\n      <tr>\n        <td><img src=\"https:\/\/utneduec-my.sharepoint.com\/personal\/office365_utn_edu_ec\/_layouts\/15\/guestaccess.aspx?guestaccesstoken=Hqw%2by7bisK6Y6hoZaOICImlWnFvZODey9utCoN9DB6w%3d&#038;docid=01719d28d181044e5900c5c57053ce22c&#038;rev=1\" alt=\"REDU\" class=\"network-logo\"><\/td>\n        <td><strong>REDU<\/strong><br>Red Ecuatoriana de Universidades y Escuelas Polit\u00e9cnicas para Investigaci\u00f3n y Posgrados<\/td>\n        <td class=\"network-link\"><a href=\"https:\/\/www.redu.edu.ec\" target=\"_blank\" rel=\"noopener\">www.redu.edu.ec<\/a><\/td>\n      <\/tr>\n\n      <tr>\n        <td><img src=\"https:\/\/utneduec-my.sharepoint.com\/personal\/office365_utn_edu_ec\/_layouts\/15\/guestaccess.aspx?guestaccesstoken=0hFOG0xGN7bCaX7JJerxdQcOTagV8Fdbbn1DxN6ElA8%3d&#038;docid=03f5c1c7209cb4782b6a7e98b2945bd8d&#038;rev=1\" alt=\"CEDIA\" class=\"network-logo\"><\/td>\n        <td><strong>CEDIA<\/strong><br>Red Nacional de Investigaci\u00f3n y Educaci\u00f3n del Ecuador<\/td>\n        <td class=\"network-link\"><a href=\"https:\/\/www.cedia.org.ec\" target=\"_blank\" rel=\"noopener\">www.cedia.org.ec<\/a><\/td>\n      <\/tr>\n\n      <tr>\n        <td><img src=\"https:\/\/utneduec-my.sharepoint.com\/personal\/office365_utn_edu_ec\/_layouts\/15\/guestaccess.aspx?guestaccesstoken=v621eaRs0ZV6PLPJYJYz9Jux3GqfNXF51Qa41EE5mNI%3d&#038;docid=0ae9820b2d23b403fb91e4623d0eae4a2&#038;rev=1\" alt=\"RedCLARA\" class=\"network-logo\"><\/td>\n        <td><strong>Red CLARA<\/strong><br>Cooperaci\u00f3n Latino Americana de Redes Avanzadas<\/td>\n        <td class=\"network-link\"><a href=\"https:\/\/www.redclara.net\" target=\"_blank\" rel=\"noopener\">www.redclara.net<\/a><\/td>\n      <\/tr>\n\n      <tr>\n        <td><img src=\"https:\/\/utneduec-my.sharepoint.com\/personal\/office365_utn_edu_ec\/_layouts\/15\/guestaccess.aspx?guestaccesstoken=AxP5QEnfGTfvBHjPIIMVmrnttmmZl7TeiCcM8qfW9J0%3d&#038;docid=0dba30c083fd341d0b891762785c55867&#038;rev=1\" alt=\"VLIR-UOS\" class=\"network-logo\"><\/td>\n        <td><strong>VLIR-UOS<\/strong><br>Consejo Interuniversitario Flamenco \u2013 Cooperaci\u00f3n para el desarrollo universitario<\/td>\n        <td class=\"network-link\"><a href=\"https:\/\/www.vliruos.be\" target=\"_blank\" rel=\"noopener\">www.vliruos.be<\/a><\/td>\n      <\/tr>\n\n      <tr>\n        <td><img src=\"https:\/\/utneduec-my.sharepoint.com\/personal\/office365_utn_edu_ec\/_layouts\/15\/guestaccess.aspx?guestaccesstoken=0hFOG0xGN7bCaX7JJerxdQcOTagV8Fdbbn1DxN6ElA8%3d&#038;docid=03f5c1c7209cb4782b6a7e98b2945bd8d&#038;rev=1\" alt=\"IEEE\" class=\"network-logo\"><\/td>\n        <td><strong>IEEE<\/strong><br>Institute of Electrical and Electronics Engineers<\/td>\n        <td class=\"network-link\"><a href=\"https:\/\/www.ieee.org\" target=\"_blank\" rel=\"noopener\">www.ieee.org<\/a><\/td>\n      <\/tr>\n    <\/tbody>\n  <\/table>\n\n<\/section>\n\n<\/body>\n<\/html>\n","protected":false},"excerpt":{"rendered":"<p>Redes de Investigaci\u00f3n Red de Investigaci\u00f3n Nombre de la Red URL de Acceso REDURed Ecuatoriana de Universidades y Escuelas Polit\u00e9cnicas para Investigaci\u00f3n y Posgrados www.redu.edu.ec CEDIARed Nacional de Investigaci\u00f3n y Educaci\u00f3n del Ecuador www.cedia.org.ec Red CLARACooperaci\u00f3n Latino Americana de Redes <a href=\"https:\/\/textiles.utn.edu.ec\/?page_id=919\" class=\"read-more\">Leer M\u00e1s [+] &#8230;<\/a><\/p>\n","protected":false},"author":7,"featured_media":0,"parent":717,"menu_order":0,"comment_status":"closed","ping_status":"closed","template":"","meta":[],"_links":{"self":[{"href":"https:\/\/textiles.utn.edu.ec\/index.php?rest_route=\/wp\/v2\/pages\/919"}],"collection":[{"href":"https:\/\/textiles.utn.edu.ec\/index.php?rest_route=\/wp\/v2\/pages"}],"about":[{"href":"https:\/\/textiles.utn.edu.ec\/index.php?rest_route=\/wp\/v2\/types\/page"}],"author":[{"embeddable":true,"href":"https:\/\/textiles.utn.edu.ec\/index.php?rest_route=\/wp\/v2\/users\/7"}],"replies":[{"embeddable":true,"href":"https:\/\/textiles.utn.edu.ec\/index.php?rest_route=%2Fwp%2Fv2%2Fcomments&post=919"}],"version-history":[{"count":11,"href":"https:\/\/textiles.utn.edu.ec\/index.php?rest_route=\/wp\/v2\/pages\/919\/revisions"}],"predecessor-version":[{"id":3318,"href":"https:\/\/textiles.utn.edu.ec\/index.php?rest_route=\/wp\/v2\/pages\/919\/revisions\/3318"}],"up":[{"embeddable":true,"href":"https:\/\/textiles.utn.edu.ec\/index.php?rest_route=\/wp\/v2\/pages\/717"}],"wp:attachment":[{"href":"https:\/\/textiles.utn.edu.ec\/index.php?rest_route=%2Fwp%2Fv2%2Fmedia&parent=919"}],"curies":[{"name":"wp","href":"https:\/\/api.w.org\/{rel}","templated":true}]}}