{"id":923,"date":"2016-10-24T09:23:59","date_gmt":"2016-10-24T14:23:59","guid":{"rendered":"http:\/\/www.utn.edu.ec\/fica\/carreras\/textil\/?page_id=923"},"modified":"2025-11-07T17:18:19","modified_gmt":"2025-11-07T22:18:19","slug":"docentes-investigadores-produccion-cientifica","status":"publish","type":"page","link":"https:\/\/textiles.utn.edu.ec\/?page_id=923","title":{"rendered":"Producci\u00f3n Cient\u00edfica"},"content":{"rendered":"\n<div class=\"wp-block-columns\">\n<div class=\"wp-block-column\" style=\"flex-basis:100%\"><\/div>\n<\/div>\n\n\n\n<!DOCTYPE html>\n<html lang=\"es\">\n<head>\n<meta charset=\"UTF-8\">\n<title>Producci\u00f3n Cient\u00edfica<\/title>\n<style>\n\/* ====== CONTENEDOR GENERAL ====== *\/\n.program-section {\n  max-width: 1100px;\n  margin: 40px auto;\n  padding: 30px 28px;\n  background: linear-gradient(135deg, #f8f9fb 0%, #ffffff 100%);\n  border-radius: 18px;\n  box-shadow: 0 8px 25px rgba(0,0,0,0.08);\n  transition: all 0.3s ease-in-out;\n}\n\n\/* ====== T\u00cdTULO PRINCIPAL ====== *\/\n.program-main-title {\n  text-align: center;\n  font-size: 24px;\n  text-transform: uppercase;\n  color: #c00000;\n  font-weight: 800;\n  margin-bottom: 30px;\n}\n\n\/* ====== VI\u00d1ETAS POR A\u00d1O ====== *\/\n.year-details {\n  border: 1px solid #ddd;\n  border-radius: 10px;\n  margin-bottom: 18px;\n  background-color: #fff;\n  overflow: hidden;\n}\n\n.year-summary {\n  cursor: pointer;\n  padding: 14px 18px;\n  font-size: 18px;\n  font-weight: 700;\n  color: #d40000;\n  background: #f7f7f7;\n  list-style: none;\n  transition: background 0.3s;\n}\n\n.year-summary:hover {\n  background: #f2eaea;\n}\n\n.year-summary::before {\n  content: \"\u25b8\";\n  margin-right: 8px;\n  color: #999;\n}\n.year-details[open] .year-summary::before {\n  content: \"\u25be\";\n}\n\n\/* ====== PUBLICACIONES (ACORDEONES INTERNOS) ====== *\/\n.project-details {\n  margin: 12px 20px;\n  border-radius: 12px;\n  overflow: hidden;\n  border: 1px solid #eee;\n  background: #ffffff;\n}\n\n.project-summary {\n  cursor: pointer;\n  padding: 10px 18px;\n  font-size: 15px;\n  font-weight: 700;\n  color: #d40000;\n  background: #faf5f5;\n}\n.project-summary::before {\n  content: \"\u25b8\";\n  margin-right: 8px;\n  color: #888;\n}\n.project-details[open] .project-summary::before {\n  content: \"\u25be\";\n}\n\n\/* ====== TABLAS INTERIORES ====== *\/\n.program-grid {\n  display: grid;\n  grid-template-columns: 1fr 2fr;\n}\n.program-row {\n  display: contents;\n}\n.program-label,\n.program-value {\n  padding: 9px 16px;\n  font-size: 14.5px;\n  border-top: 1px solid #eee;\n}\n.program-label {\n  background: #f4f4f4;\n  font-weight: 600;\n  color: #555;\n}\n.program-value {\n  background: #ffffff;\n  color: #333;\n}\n.program-row:nth-child(odd) .program-label {\n  background: #f8f8f8;\n}\n.program-row:nth-child(odd) .program-value {\n  background: #fcfcfc;\n}\n\n\/* enlace dentro del campo Revista\/Evento\/Link *\/\n.program-value a {\n  color: #d40000;\n  text-decoration: none;\n  font-weight: 600;\n}\n.program-value a:hover {\n  text-decoration: underline;\n}\n\n\/* ====== RESPONSIVE ====== *\/\n@media (max-width: 700px) {\n  .program-grid {\n    grid-template-columns: 1fr;\n  }\n}\n<\/style>\n<\/head>\n<body>\n\n<section class=\"program-section\">\n  <h2 class=\"program-main-title\">Producci\u00f3n Cient\u00edfica 2023\u20132026<\/h2>\n\n  <!-- ===== VI\u00d1ETA A\u00d1O 2024\u20132025 ===== -->\n  <details class=\"year-details\" open>\n    <summary class=\"year-summary\">&#x1f4c5; Publicaciones 2023 \u2013 2024<\/summary>\n\n    <!-- Publicaci\u00f3n 1 -->\n    <details class=\"project-details\" open>\n      <summary class=\"project-summary\">\n        Evaluation of Properties of Sports Socks Made with Synthetic and Biodegradable Yarn\n      <\/summary>\n      <div class=\"program-grid\">\n        <div class=\"program-row\">\n          <div class=\"program-label\">Grupo de Investigaci\u00f3n<\/div>\n          <div class=\"program-value\">INTEX 1<\/div>\n        <\/div>\n\n        <div class=\"program-row\">\n          <div class=\"program-label\">Tema del Proyecto<\/div>\n          <div class=\"program-value\">\n            An\u00e1lisis del Confort y Usabilidad de Calcetines Deportivos en Tejido Riso para Running Elaborados con Bamb\u00fa, Algod\u00f3n y Acr\u00edlico\n          <\/div>\n        <\/div>\n\n        <div class=\"program-row\">\n          <div class=\"program-label\">Grupo<\/div>\n          <div class=\"program-value\">MSc. Elsa Mora- MSc. Jos\u00e9 Posso &#8211; MSc. Elvis Ram\u00edrez <\/div>\n        <\/div>\n\n        <div class=\"program-row\">\n          <div class=\"program-label\">Nombre de Publicaci\u00f3n \/ T\u00edtulo<\/div>\n          <div class=\"program-value\">\n            Evaluation of Properties of Sports Socks Made with Synthetic and Biodegradable Yarn\n          <\/div>\n        <\/div>\n\n        <div class=\"program-row\">\n          <div class=\"program-label\">Tipo de Publicaci\u00f3n<\/div>\n          <div class=\"program-value\">Art\u00edculo cient\u00edfico indexado<\/div>\n        <\/div>\n\n        <div class=\"program-row\">\n          <div class=\"program-label\">Fecha de Publicaci\u00f3n<\/div>\n          <div class=\"program-value\">25 octubre 2024<\/div>\n        <\/div>\n\n        <div class=\"program-row\">\n          <div class=\"program-label\">Revista \/ Evento \/ Link<\/div>\n          <div class=\"program-value\">\n            Congreso Internacional ESPE\u2013 \n            <a href=\"https:\/\/link.springer.com\/chapter\/10.1007\/978-3-031-70760-5_19\" target=\"_blank\" rel=\"noopener\">Ver publicaci\u00f3n<\/a>\n          <\/div>\n        <\/div>\n      <\/div>\n    <\/details>\n\n    <!-- Publicaci\u00f3n 2 -->\n    <details class=\"project-details\">\n      <summary class=\"project-summary\">\n        Filamento ignifugo celulosa de bamb\u00fa compuesto para impresi\u00f3n 3D\n      <\/summary>\n      <div class=\"program-grid\">\n        <div class=\"program-row\">\n          <div class=\"program-label\">Grupo de Investigaci\u00f3n<\/div>\n          <div class=\"program-value\">INTEX 2<\/div>\n        <\/div>\n\n        <div class=\"program-row\">\n          <div class=\"program-label\">Tema del Proyecto<\/div>\n          <div class=\"program-value\">\n           Desarrollo De Filamento Ign\u00edfugo Con Material Compuesto Y Celulosa De Bamb\u00fa Angustifol\u00eda.\n          <\/div>\n        <\/div>\n\n        <div class=\"program-row\">\n          <div class=\"program-label\">Integrantes del Grupo<\/div>\n          <div class=\"program-value\">MSc. William Esparza &#8211; MSc. Wilson Herrera &#8211; MSc. Luis Chamorro<\/div>\n        <\/div>\n\n        <div class=\"program-row\">\n          <div class=\"program-label\">Nombre de Publicaci\u00f3n \/ T\u00edtulo<\/div>\n          <div class=\"program-value\">\n            Filamento ignifugo celulosa de bamb\u00fa compuesto para impresi\u00f3n 3D\n          <\/div>\n        <\/div>\n\n        <div class=\"program-row\">\n          <div class=\"program-label\">Tipo de Publicaci\u00f3n<\/div>\n          <div class=\"program-value\">Art\u00edculo cient\u00edfico indexado<\/div>\n        <\/div>\n\n        <div class=\"program-row\">\n          <div class=\"program-label\">Fecha de Publicaci\u00f3n<\/div>\n          <div class=\"program-value\">30 marzo 2025<\/div>\n        <\/div>\n\n        <div class=\"program-row\">\n          <div class=\"program-label\">Revista \/ Evento \/ Link<\/div>\n          <div class=\"program-value\">\n            Congreso AENIT 2024 UTN \u2013 \n            <a href=\"https:\/\/aenit.utn.edu.ec\/2024\/\" target=\"_blank\" rel=\"noopener\">Ver publicaci\u00f3n<\/a>\n          <\/div>\n        <\/div>\n      <\/div>\n    <\/details>\n\n    <!-- Publicaci\u00f3n 3 -->\n    <details class=\"project-details\">\n      <summary class=\"project-summary\">\n       Influence of sodium hydroxide on the elasticity and elongation of elastane of lycra denim fabrics\n      <\/summary>\n      <div class=\"program-grid\">\n        <div class=\"program-row\">\n          <div class=\"program-label\">Grupo de Investigaci\u00f3n<\/div>\n          <div class=\"program-value\">INTEX 3<\/div>\n        <\/div>\n\n        <div class=\"program-row\">\n          <div class=\"program-label\">Tema del Proyecto<\/div>\n          <div class=\"program-value\">\n            Influencia del Hidr\u00f3xido de Sodio en La Elasticidad y Elongaci\u00f3n del Elastano de Tejidos Denim Licrado\n          <\/div>\n        <\/div>\n\n        <div class=\"program-row\">\n          <div class=\"program-label\">Integrantes del Grupo<\/div>\n          <div class=\"program-value\">MSc. Omar Godoy MSc. Valeria Chug\u00e1 &#8211; MSc. Marco Naranjo<\/div>\n        <\/div>\n\n        <div class=\"program-row\">\n          <div class=\"program-label\">Nombre de Publicaci\u00f3n \/ T\u00edtulo<\/div>\n          <div class=\"program-value\">\n          Influence of sodium hydroxide on the elasticity and elongation of elastane of lycra denim fabrics\n          <\/div>\n        <\/div>\n\n        <div class=\"program-row\">\n          <div class=\"program-label\">Tipo de Publicaci\u00f3n<\/div>\n          <div class=\"program-value\">Art\u00edculo cient\u00edfico indexado<\/div>\n        <\/div>\n\n        <div class=\"program-row\">\n          <div class=\"program-label\">Fecha de Publicaci\u00f3n<\/div>\n          <div class=\"program-value\">25 octubre 2024<\/div>\n        <\/div>\n\n        <div class=\"program-row\">\n          <div class=\"program-label\">Revista \/ Evento \/ Link<\/div>\n          <div class=\"program-value\">\n            Revista Congreso Internacional ESPE \u2013 \n            <a href=\"https:\/\/www.espe.edu.ec\/xix-congreso-internacional-multidisciplinario-de-ciencia-y-tecnologia-2024\/\" target=\"_blank\" rel=\"noopener\">Ver art\u00edculo<\/a>\n          <\/div>\n        <\/div>\n      <\/div>\n    <\/details>\n\n <!-- Publicaci\u00f3n 4 -->\n    <details class=\"project-details\">\n      <summary class=\"project-summary\">\n      La Inteligencia Artificial y el futuro del aprendizaje: Innovaciones en la Educaci\u00f3n\n      <\/summary>\n      <div class=\"program-grid\">\n        <div class=\"program-row\">\n          <div class=\"program-label\">Grupo de Investigaci\u00f3n<\/div>\n          <div class=\"program-value\">INTEX 4<\/div>\n        <\/div>\n\n        <div class=\"program-row\">\n          <div class=\"program-label\">Tema del Proyecto<\/div>\n          <div class=\"program-value\">\n            Realidad Virtual, Aumentada e Inteligencia Artificial para Objetos de Aprendizaje en la Carrera de Ingenier\u00eda de Textiles\n          <\/div>\n        <\/div>\n\n        <div class=\"program-row\">\n          <div class=\"program-label\">Integrantes del Grupo<\/div>\n          <div class=\"program-value\">MSc. Omar Lara &#8211; MSc. Tulia Vaca &#8211; MSc. Rodrigo Tapia<\/div>\n        <\/div>\n\n        <div class=\"program-row\">\n          <div class=\"program-label\">Nombre de Publicaci\u00f3n \/ T\u00edtulo<\/div>\n          <div class=\"program-value\">\n         La Inteligencia Artificial y el futuro del aprendizaje: Innovaciones en la Educaci\u00f3n\n          <\/div>\n        <\/div>\n\n        <div class=\"program-row\">\n          <div class=\"program-label\">Tipo de Publicaci\u00f3n<\/div>\n          <div class=\"program-value\">Libro publicado con ISBN: 978-9942-572-05-9<\/div>\n        <\/div>\n\n        <div class=\"program-row\">\n          <div class=\"program-label\">Fecha de Publicaci\u00f3n<\/div>\n          <div class=\"program-value\">23 julio 2025<\/div>\n        <\/div>\n\n        <div class=\"program-row\">\n          <div class=\"program-label\">Revista \/ Evento \/ Link<\/div>\n          <div class=\"program-value\">\n            Editorial UTN  \u2013 \n            <a href=\"https:\/\/repositorio.utn.edu.ec\/handle\/123456789\/17506\" target=\"_blank\" rel=\"noopener\">Ver libro<\/a>\n          <\/div>\n        <\/div>\n      <\/div>\n    <\/details>\n\n  <\/details>\n\n  <!-- ===== VI\u00d1ETA A\u00d1O 2024 \u2013 2025 (PLANTILLA) ===== -->\n  <details class=\"year-details\">\n    <summary class=\"year-summary\">&#x1f4c5; Publicaciones 2025 \u2013 2026<\/summary>\n\n    <!-- Publicaci\u00f3n ejemplo (rellena con tus datos reales) -->\n    <details class=\"project-details\">\n      <summary class=\"project-summary\">\n        [T\u00edtulo corto de la publicaci\u00f3n]\n      <\/summary>\n      <div class=\"program-grid\">\n        <div class=\"program-row\">\n          <div class=\"program-label\">Grupo de Investigaci\u00f3n<\/div>\n          <div class=\"program-value\">[INTEX X]<\/div>\n        <\/div>\n\n        <div class=\"program-row\">\n          <div class=\"program-label\">Tema del Proyecto<\/div>\n          <div class=\"program-value\">[Descripci\u00f3n breve del proyecto]<\/div>\n        <\/div>\n\n        <div class=\"program-row\">\n          <div class=\"program-label\">L\u00edder de Grupo<\/div>\n          <div class=\"program-value\">[Nombre del l\u00edder]<\/div>\n        <\/div>\n\n        <div class=\"program-row\">\n          <div class=\"program-label\">Nombre de Publicaci\u00f3n \/ T\u00edtulo<\/div>\n          <div class=\"program-value\">[T\u00edtulo completo de la publicaci\u00f3n]<\/div>\n        <\/div>\n\n        <div class=\"program-row\">\n          <div class=\"program-label\">Tipo de Publicaci\u00f3n<\/div>\n          <div class=\"program-value\">[Art\u00edculo, ponencia, cap\u00edtulo de libro, etc.]<\/div>\n        <\/div>\n\n        <div class=\"program-row\">\n          <div class=\"program-label\">Fecha de Publicaci\u00f3n<\/div>\n          <div class=\"program-value\">[dd mes aaaa]<\/div>\n        <\/div>\n\n        <div class=\"program-row\">\n          <div class=\"program-label\">Revista \/ Evento \/ Link<\/div>\n          <div class=\"program-value\">\n            [Nombre de la revista o evento] \u2013 \n            <a href=\"#\" target=\"_blank\" rel=\"noopener\">Link<\/a>\n          <\/div>\n        <\/div>\n      <\/div>\n    <\/details>\n\n    <!-- Duplica el bloque anterior <details class=\"project-details\"> para m\u00e1s publicaciones 2025\u20132026 -->\n\n  <\/details>\n<\/section>\n\n<\/body>\n<\/html>\n\n","protected":false},"excerpt":{"rendered":"<p>Producci\u00f3n Cient\u00edfica Producci\u00f3n Cient\u00edfica 2023\u20132026 &#x1f4c5; Publicaciones 2023 \u2013 2024 Evaluation of Properties of Sports Socks Made with Synthetic and Biodegradable Yarn Grupo de Investigaci\u00f3n INTEX 1 Tema del Proyecto An\u00e1lisis del Confort y Usabilidad de Calcetines Deportivos en Tejido <a href=\"https:\/\/textiles.utn.edu.ec\/?page_id=923\" class=\"read-more\">Leer M\u00e1s [+] &#8230;<\/a><\/p>\n","protected":false},"author":7,"featured_media":0,"parent":717,"menu_order":0,"comment_status":"closed","ping_status":"closed","template":"","meta":[],"_links":{"self":[{"href":"https:\/\/textiles.utn.edu.ec\/index.php?rest_route=\/wp\/v2\/pages\/923"}],"collection":[{"href":"https:\/\/textiles.utn.edu.ec\/index.php?rest_route=\/wp\/v2\/pages"}],"about":[{"href":"https:\/\/textiles.utn.edu.ec\/index.php?rest_route=\/wp\/v2\/types\/page"}],"author":[{"embeddable":true,"href":"https:\/\/textiles.utn.edu.ec\/index.php?rest_route=\/wp\/v2\/users\/7"}],"replies":[{"embeddable":true,"href":"https:\/\/textiles.utn.edu.ec\/index.php?rest_route=%2Fwp%2Fv2%2Fcomments&post=923"}],"version-history":[{"count":81,"href":"https:\/\/textiles.utn.edu.ec\/index.php?rest_route=\/wp\/v2\/pages\/923\/revisions"}],"predecessor-version":[{"id":3373,"href":"https:\/\/textiles.utn.edu.ec\/index.php?rest_route=\/wp\/v2\/pages\/923\/revisions\/3373"}],"up":[{"embeddable":true,"href":"https:\/\/textiles.utn.edu.ec\/index.php?rest_route=\/wp\/v2\/pages\/717"}],"wp:attachment":[{"href":"https:\/\/textiles.utn.edu.ec\/index.php?rest_route=%2Fwp%2Fv2%2Fmedia&parent=923"}],"curies":[{"name":"wp","href":"https:\/\/api.w.org\/{rel}","templated":true}]}}