{"id":931,"date":"2016-10-24T09:26:34","date_gmt":"2016-10-24T14:26:34","guid":{"rendered":"http:\/\/www.utn.edu.ec\/fica\/carreras\/textil\/?page_id=931"},"modified":"2023-01-12T09:43:06","modified_gmt":"2023-01-12T14:43:06","slug":"movilidad-docente","status":"publish","type":"page","link":"https:\/\/textiles.utn.edu.ec\/?page_id=931","title":{"rendered":"Movilidad Docente"},"content":{"rendered":"<hr>\n<p style=\"text-align: justify;\">A partir del Plan de Desarrollo estrat\u00e9gico de la instituci\u00f3n, las Relaciones Nacionales e Internacionales de la Universidad T\u00e9cnica del Norte, se enmarcan en las siguientes pol\u00edticas:<\/p>\n<p style=\"text-align: justify;\">Promover una mayor movilidad (con prop\u00f3sitos acad\u00e9micos) de estudiantes, docentes e investigadores desde y hacia la instituci\u00f3n.<\/p>\n<p style=\"text-align: justify;\">Fortalecer, promover, acrecentar y estrechar v\u00ednculos de cooperaci\u00f3n acad\u00e9mica, de alianzas estrat\u00e9gicas, de trabajo en redes con instituciones de alto prestigio nacional e internacional.<\/p>\n<p style=\"text-align: justify;\">Identificar y difundir las oportunidades de becas y otros apoyos en el exterior, que contribuyan al mejoramiento profesional de los integrantes de la comunidad universitaria.<\/p>\n<p style=\"text-align: justify;\">Acrecentar la visibilidad institucional a nivel nacional e internacional, difundiendo y promocionando la oferta acad\u00e9mica y servicios de la instituci\u00f3n, a trav\u00e9s de la organizaci\u00f3n y participaci\u00f3n en visitas promocionales, encuentros, ferias, exposiciones y c\u00e1tedras.<\/p>\n<p style=\"text-align: justify;\">Promover la negociaci\u00f3n y firma de convenios con instituciones de prestigio nacional y en el exterior que apoyan la movilidad acad\u00e9mica, estudiantil y el intercambio de conocimiento, como es el caso con el IEPS con el cual se realizan las actividades de vinculaci\u00f3n desde el mes de octubre de 2016 con capacitaciones y asesor\u00edas semestrales a los beneficiarios y que se ha mantenido hasta este a\u00f1o 2023.&nbsp;<\/p>\n<p><\/p>\n<hr>\n\n\n<div class=\"wp-block-image\"><figure class=\"aligncenter size-large\"><a href=\"https:\/\/textiles.utn.edu.ec\/wp-content\/uploads\/2021\/02\/12.-Socializacion-Vinculacion-con-el-IEPS.jpg\"><img loading=\"lazy\" width=\"720\" height=\"490\" src=\"https:\/\/textiles.utn.edu.ec\/wp-content\/uploads\/2021\/02\/12.-Socializacion-Vinculacion-con-el-IEPS.jpg\" alt=\"Socializaci\u00f3n Vinculaci\u00f3n con el  IEPS\" class=\"wp-image-1897\" srcset=\"https:\/\/textiles.utn.edu.ec\/wp-content\/uploads\/2021\/02\/12.-Socializacion-Vinculacion-con-el-IEPS.jpg 720w, https:\/\/textiles.utn.edu.ec\/wp-content\/uploads\/2021\/02\/12.-Socializacion-Vinculacion-con-el-IEPS-300x204.jpg 300w, https:\/\/textiles.utn.edu.ec\/wp-content\/uploads\/2021\/02\/12.-Socializacion-Vinculacion-con-el-IEPS-360x245.jpg 360w\" sizes=\"(max-width: 720px) 100vw, 720px\" \/><\/a><\/figure><\/div>\n\n\n\n<p class=\"has-text-align-center\">Socializaci\u00f3n Vinculaci\u00f3n con el IEPS<\/p>\n\n\n\n<p><\/p>\n\n\n\n<p>Visitas de las Unidades Educativas del MINEDUC que desde abril de 2017 llegan a las instalaciones de los laboratorios a conocer los diferentes procesos textiles y los ensayos realizados en cada uno de ellos; actividades que se ejecutan previo una planificaci\u00f3n y que se mantienen hasta el presente a\u00f1o 2023.<\/p>\n\n\n\n<figure class=\"wp-block-image size-large\"><a href=\"https:\/\/textiles.utn.edu.ec\/wp-content\/uploads\/2021\/02\/13.-Gira-de-observacion-UE-Alberto-Enriquez-a-CTEX.jpg\"><img loading=\"lazy\" width=\"960\" height=\"720\" src=\"https:\/\/textiles.utn.edu.ec\/wp-content\/uploads\/2021\/02\/13.-Gira-de-observacion-UE-Alberto-Enriquez-a-CTEX.jpg\" alt=\"\" class=\"wp-image-1896\" srcset=\"https:\/\/textiles.utn.edu.ec\/wp-content\/uploads\/2021\/02\/13.-Gira-de-observacion-UE-Alberto-Enriquez-a-CTEX.jpg 960w, https:\/\/textiles.utn.edu.ec\/wp-content\/uploads\/2021\/02\/13.-Gira-de-observacion-UE-Alberto-Enriquez-a-CTEX-300x225.jpg 300w, https:\/\/textiles.utn.edu.ec\/wp-content\/uploads\/2021\/02\/13.-Gira-de-observacion-UE-Alberto-Enriquez-a-CTEX-768x576.jpg 768w, https:\/\/textiles.utn.edu.ec\/wp-content\/uploads\/2021\/02\/13.-Gira-de-observacion-UE-Alberto-Enriquez-a-CTEX-360x270.jpg 360w\" sizes=\"(max-width: 960px) 100vw, 960px\" \/><\/a><\/figure>\n\n\n\n<p class=\"has-text-align-center\">Gira de observaci\u00f3n UE Alberto Enr\u00edquez a CTEX<\/p>\n\n\n\n<figure class=\"wp-block-image size-large\"><a href=\"https:\/\/textiles.utn.edu.ec\/wp-content\/uploads\/2021\/02\/13.1.-Gira-de-observacion-UE-Isaac-Jesus-Barrera-a-CTEX.jpg\"><img loading=\"lazy\" width=\"1024\" height=\"576\" src=\"https:\/\/textiles.utn.edu.ec\/wp-content\/uploads\/2021\/02\/13.1.-Gira-de-observacion-UE-Isaac-Jesus-Barrera-a-CTEX-1024x576.jpg\" alt=\"\" class=\"wp-image-1895\" srcset=\"https:\/\/textiles.utn.edu.ec\/wp-content\/uploads\/2021\/02\/13.1.-Gira-de-observacion-UE-Isaac-Jesus-Barrera-a-CTEX-1024x576.jpg 1024w, https:\/\/textiles.utn.edu.ec\/wp-content\/uploads\/2021\/02\/13.1.-Gira-de-observacion-UE-Isaac-Jesus-Barrera-a-CTEX-300x169.jpg 300w, https:\/\/textiles.utn.edu.ec\/wp-content\/uploads\/2021\/02\/13.1.-Gira-de-observacion-UE-Isaac-Jesus-Barrera-a-CTEX-768x432.jpg 768w, https:\/\/textiles.utn.edu.ec\/wp-content\/uploads\/2021\/02\/13.1.-Gira-de-observacion-UE-Isaac-Jesus-Barrera-a-CTEX-360x203.jpg 360w, https:\/\/textiles.utn.edu.ec\/wp-content\/uploads\/2021\/02\/13.1.-Gira-de-observacion-UE-Isaac-Jesus-Barrera-a-CTEX.jpg 1032w\" sizes=\"(max-width: 1024px) 100vw, 1024px\" \/><\/a><\/figure>\n\n\n\n<p class=\"has-text-align-center\">Gira de observaci\u00f3n UE Isaac Jes\u00fas Barrera a CTEX<\/p>\n\n\n\n<p><\/p>\n\n\n\n<p>Diciembre de 2017 y diciembre de 2018 la Carrera de Textiles fue invitada por Ilustre Municipio de Antonio Ante a ser part\u00edcipes como miembros de honor en el desfile de modas &#8220;Navidad Ecol\u00f3gica&#8221; al cual el equipo de vinculaci\u00f3n conformado por docentes y estudiantes se desempe\u00f1\u00f3 de forma profesional en el mencionado acto.<\/p>\n\n\n\n<figure class=\"wp-block-image size-large\"><a href=\"https:\/\/textiles.utn.edu.ec\/wp-content\/uploads\/2021\/02\/14.-Invitados-a-la-Navidad-ecologica-del-Municipio-de-Atuntaqui.jpg\"><img loading=\"lazy\" width=\"649\" height=\"486\" src=\"https:\/\/textiles.utn.edu.ec\/wp-content\/uploads\/2021\/02\/14.-Invitados-a-la-Navidad-ecologica-del-Municipio-de-Atuntaqui.jpg\" alt=\"\" class=\"wp-image-1894\" srcset=\"https:\/\/textiles.utn.edu.ec\/wp-content\/uploads\/2021\/02\/14.-Invitados-a-la-Navidad-ecologica-del-Municipio-de-Atuntaqui.jpg 649w, https:\/\/textiles.utn.edu.ec\/wp-content\/uploads\/2021\/02\/14.-Invitados-a-la-Navidad-ecologica-del-Municipio-de-Atuntaqui-300x225.jpg 300w, https:\/\/textiles.utn.edu.ec\/wp-content\/uploads\/2021\/02\/14.-Invitados-a-la-Navidad-ecologica-del-Municipio-de-Atuntaqui-360x270.jpg 360w\" sizes=\"(max-width: 649px) 100vw, 649px\" \/><\/a><\/figure>\n\n\n\n<p class=\"has-text-align-center\">Desfile de modas Navidad ecol\u00f3gica del Municipio de Atuntaqui<\/p>\n\n\n\n<p><\/p>\n\n\n\n<p>Semestre tras semestre tenemos el proceso de vinculaci\u00f3n con las  asociaciones de emprendedores, los cuales reciben capacitaciones sobre los diferentes procesos textiles a fin de que se especialicen en la elaboraci\u00f3n de g\u00e9neros de calidad y sean m\u00e1s competitivos en el mercado nacional e internacional.<\/p>\n\n\n\n<figure class=\"wp-block-image size-large\"><a href=\"https:\/\/textiles.utn.edu.ec\/wp-content\/uploads\/2021\/02\/15.-Transferencia-de-conocimientos-a-GEPVE-scaled.jpg\"><img loading=\"lazy\" width=\"1024\" height=\"768\" src=\"https:\/\/textiles.utn.edu.ec\/wp-content\/uploads\/2021\/02\/15.-Transferencia-de-conocimientos-a-GEPVE-1024x768.jpg\" alt=\"\" class=\"wp-image-1893\" srcset=\"https:\/\/textiles.utn.edu.ec\/wp-content\/uploads\/2021\/02\/15.-Transferencia-de-conocimientos-a-GEPVE-1024x768.jpg 1024w, https:\/\/textiles.utn.edu.ec\/wp-content\/uploads\/2021\/02\/15.-Transferencia-de-conocimientos-a-GEPVE-300x225.jpg 300w, https:\/\/textiles.utn.edu.ec\/wp-content\/uploads\/2021\/02\/15.-Transferencia-de-conocimientos-a-GEPVE-768x576.jpg 768w, https:\/\/textiles.utn.edu.ec\/wp-content\/uploads\/2021\/02\/15.-Transferencia-de-conocimientos-a-GEPVE-1536x1152.jpg 1536w, https:\/\/textiles.utn.edu.ec\/wp-content\/uploads\/2021\/02\/15.-Transferencia-de-conocimientos-a-GEPVE-2048x1536.jpg 2048w, https:\/\/textiles.utn.edu.ec\/wp-content\/uploads\/2021\/02\/15.-Transferencia-de-conocimientos-a-GEPVE-360x270.jpg 360w\" sizes=\"(max-width: 1024px) 100vw, 1024px\" \/><\/a><\/figure>\n\n\n\n<p class=\"has-text-align-center\">Transferencia de conocimientos a GEPVE<\/p>\n","protected":false},"excerpt":{"rendered":"<p>A partir del Plan de Desarrollo estrat\u00e9gico de la instituci\u00f3n, las Relaciones Nacionales e Internacionales de la Universidad T\u00e9cnica del Norte, se enmarcan en las siguientes pol\u00edticas: Promover una mayor movilidad (con prop\u00f3sitos acad\u00e9micos) de estudiantes, docentes e investigadores desde <a href=\"https:\/\/textiles.utn.edu.ec\/?page_id=931\" class=\"read-more\">Leer M\u00e1s [+] &#8230;<\/a><\/p>\n","protected":false},"author":7,"featured_media":0,"parent":733,"menu_order":0,"comment_status":"closed","ping_status":"closed","template":"","meta":[],"_links":{"self":[{"href":"https:\/\/textiles.utn.edu.ec\/index.php?rest_route=\/wp\/v2\/pages\/931"}],"collection":[{"href":"https:\/\/textiles.utn.edu.ec\/index.php?rest_route=\/wp\/v2\/pages"}],"about":[{"href":"https:\/\/textiles.utn.edu.ec\/index.php?rest_route=\/wp\/v2\/types\/page"}],"author":[{"embeddable":true,"href":"https:\/\/textiles.utn.edu.ec\/index.php?rest_route=\/wp\/v2\/users\/7"}],"replies":[{"embeddable":true,"href":"https:\/\/textiles.utn.edu.ec\/index.php?rest_route=%2Fwp%2Fv2%2Fcomments&post=931"}],"version-history":[{"count":29,"href":"https:\/\/textiles.utn.edu.ec\/index.php?rest_route=\/wp\/v2\/pages\/931\/revisions"}],"predecessor-version":[{"id":2764,"href":"https:\/\/textiles.utn.edu.ec\/index.php?rest_route=\/wp\/v2\/pages\/931\/revisions\/2764"}],"up":[{"embeddable":true,"href":"https:\/\/textiles.utn.edu.ec\/index.php?rest_route=\/wp\/v2\/pages\/733"}],"wp:attachment":[{"href":"https:\/\/textiles.utn.edu.ec\/index.php?rest_route=%2Fwp%2Fv2%2Fmedia&parent=931"}],"curies":[{"name":"wp","href":"https:\/\/api.w.org\/{rel}","templated":true}]}}