{"id":933,"date":"2016-10-24T09:28:31","date_gmt":"2016-10-24T14:28:31","guid":{"rendered":"http:\/\/www.utn.edu.ec\/fica\/carreras\/textil\/?page_id=933"},"modified":"2023-01-12T10:05:26","modified_gmt":"2023-01-12T15:05:26","slug":"movilidad-estudiantil","status":"publish","type":"page","link":"https:\/\/textiles.utn.edu.ec\/?page_id=933","title":{"rendered":"Movilidad Estudiantil"},"content":{"rendered":"<p style=\"text-align: justify;\">Los estudiantes que realizan la vinculaci\u00f3n con los diversos grupos de asociaciones, ejecutan las capacitaciones de forma te\u00f3rica en las aulas de la Carrera y la pr\u00e1ctica en los diferentes laboratorios destinados para el efecto, sumando a esto el proceso de asistencia t\u00e9cnica brindada en cada uno de los emprendimientos de los beneficiarios.\u00a0<\/p>\n<div class=\"wp-block-image is-style-default\" style=\"text-align: center;\">\n<figure class=\"aligncenter size-large\"><a href=\"https:\/\/www.utn.edu.ec\/fica\/carreras\/textil\/wp-content\/uploads\/2021\/02\/16.-Vinculacion-con-el-IEPS-en-la-Planta-Academica-CTEX-1.jpg\"><img loading=\"lazy\" width=\"802\" height=\"451\" class=\"wp-image-1921\" src=\"https:\/\/www.utn.edu.ec\/fica\/carreras\/textil\/wp-content\/uploads\/2021\/02\/16.-Vinculacion-con-el-IEPS-en-la-Planta-Academica-CTEX-1.jpg\" alt=\"\" srcset=\"https:\/\/textiles.utn.edu.ec\/wp-content\/uploads\/2021\/02\/16.-Vinculacion-con-el-IEPS-en-la-Planta-Academica-CTEX-1.jpg 802w, https:\/\/textiles.utn.edu.ec\/wp-content\/uploads\/2021\/02\/16.-Vinculacion-con-el-IEPS-en-la-Planta-Academica-CTEX-1-300x169.jpg 300w, https:\/\/textiles.utn.edu.ec\/wp-content\/uploads\/2021\/02\/16.-Vinculacion-con-el-IEPS-en-la-Planta-Academica-CTEX-1-768x432.jpg 768w, https:\/\/textiles.utn.edu.ec\/wp-content\/uploads\/2021\/02\/16.-Vinculacion-con-el-IEPS-en-la-Planta-Academica-CTEX-1-360x202.jpg 360w\" sizes=\"(max-width: 802px) 100vw, 802px\" \/><\/a><span style=\"font-size: inherit; text-align: justify;\"><em>Vinculaci\u00f3n<\/em> con el IEPS en la Planta Acad\u00e9mica CTEX<\/span><\/figure>\n<\/div>\n<p>Ferias textiles realizadas por alumnos y docentes en las instalaciones de la planta textil de la carrera, acoge a personas, estudiantes, asociaciones, instituciones p\u00fablicas y privadas para que refuercen los conocimientos productivos de sus talleres y emprendimientos.<\/p>\n\n\n<div class=\"wp-block-image\"><figure class=\"aligncenter size-large\"><a href=\"https:\/\/textiles.utn.edu.ec\/wp-content\/uploads\/2021\/02\/17.-Feria-de-maquinaria-de-sublimacion-CITEX-1.jpg\"><img loading=\"lazy\" width=\"960\" height=\"540\" src=\"https:\/\/textiles.utn.edu.ec\/wp-content\/uploads\/2021\/02\/17.-Feria-de-maquinaria-de-sublimacion-CITEX-1.jpg\" alt=\"\" class=\"wp-image-1920\" srcset=\"https:\/\/textiles.utn.edu.ec\/wp-content\/uploads\/2021\/02\/17.-Feria-de-maquinaria-de-sublimacion-CITEX-1.jpg 960w, https:\/\/textiles.utn.edu.ec\/wp-content\/uploads\/2021\/02\/17.-Feria-de-maquinaria-de-sublimacion-CITEX-1-300x169.jpg 300w, https:\/\/textiles.utn.edu.ec\/wp-content\/uploads\/2021\/02\/17.-Feria-de-maquinaria-de-sublimacion-CITEX-1-768x432.jpg 768w, https:\/\/textiles.utn.edu.ec\/wp-content\/uploads\/2021\/02\/17.-Feria-de-maquinaria-de-sublimacion-CITEX-1-360x203.jpg 360w\" sizes=\"(max-width: 960px) 100vw, 960px\" \/><\/a><\/figure><\/div>\n\n\n<p style=\"text-align: center;\"><em data-rich-text-format-boundary=\"true\">Feria de maquinaria de sublimaci\u00f3n CTEX<\/em><\/p>\n<p>Talleres productivos impartidos a las unidades educativas de bachillerato t\u00e9cnico del MINEDUC se benefician de los conocimientos aprendidos en las aulas por los estudiantes de CTEX, complementando as\u00ed las habilidades de los chicos que optaron por una especializaci\u00f3n t\u00e9cnica con miras a emplearse o emprender una vez graduados de sus colegios.<\/p>\n\n\n<div class=\"wp-block-image\"><figure class=\"aligncenter size-large\"><a href=\"https:\/\/textiles.utn.edu.ec\/wp-content\/uploads\/2021\/02\/18.-Vinculacion-UE-Isaac-Jesus-Barrera-1.jpg\"><img loading=\"lazy\" width=\"1024\" height=\"576\" src=\"https:\/\/textiles.utn.edu.ec\/wp-content\/uploads\/2021\/02\/18.-Vinculacion-UE-Isaac-Jesus-Barrera-1-1024x576.jpg\" alt=\"\" class=\"wp-image-1919\" srcset=\"https:\/\/textiles.utn.edu.ec\/wp-content\/uploads\/2021\/02\/18.-Vinculacion-UE-Isaac-Jesus-Barrera-1-1024x576.jpg 1024w, https:\/\/textiles.utn.edu.ec\/wp-content\/uploads\/2021\/02\/18.-Vinculacion-UE-Isaac-Jesus-Barrera-1-300x169.jpg 300w, https:\/\/textiles.utn.edu.ec\/wp-content\/uploads\/2021\/02\/18.-Vinculacion-UE-Isaac-Jesus-Barrera-1-768x432.jpg 768w, https:\/\/textiles.utn.edu.ec\/wp-content\/uploads\/2021\/02\/18.-Vinculacion-UE-Isaac-Jesus-Barrera-1-1536x864.jpg 1536w, https:\/\/textiles.utn.edu.ec\/wp-content\/uploads\/2021\/02\/18.-Vinculacion-UE-Isaac-Jesus-Barrera-1-360x203.jpg 360w, https:\/\/textiles.utn.edu.ec\/wp-content\/uploads\/2021\/02\/18.-Vinculacion-UE-Isaac-Jesus-Barrera-1.jpg 1548w\" sizes=\"(max-width: 1024px) 100vw, 1024px\" \/><\/a><\/figure><\/div>\n\n\n<p style=\"text-align: center;\"><em data-rich-text-format-boundary=\"true\">Vinculaci\u00f3n UE Isaac Jes\u00fas Barrera<\/em><\/p>\n<p>Participaci\u00f3n en el a\u00f1o 2017 y 2018 en los meses de diciembre en el desfile de modas &#8220;Navidad Ecol\u00f3gica&#8221; organizado por el Ilustre Municipio de Antonio Ante, donde los estudiantes de CTEX pudieron demostrar lo aprendido en las aulas y su aplicaci\u00f3n en la elaboraci\u00f3n de todas las prendas que exhibieron ellos mismos como modelos.<\/p>\n\n\n<div class=\"wp-block-image\"><figure class=\"aligncenter size-large\"><a href=\"https:\/\/textiles.utn.edu.ec\/wp-content\/uploads\/2021\/02\/19.-Desfile-Navidad-ecologica-Municipio-de-Atuntaqui.jpg\"><img loading=\"lazy\" width=\"1024\" height=\"768\" src=\"https:\/\/textiles.utn.edu.ec\/wp-content\/uploads\/2021\/02\/19.-Desfile-Navidad-ecologica-Municipio-de-Atuntaqui-1024x768.jpg\" alt=\"\" class=\"wp-image-1932\" srcset=\"https:\/\/textiles.utn.edu.ec\/wp-content\/uploads\/2021\/02\/19.-Desfile-Navidad-ecologica-Municipio-de-Atuntaqui-1024x768.jpg 1024w, https:\/\/textiles.utn.edu.ec\/wp-content\/uploads\/2021\/02\/19.-Desfile-Navidad-ecologica-Municipio-de-Atuntaqui-300x225.jpg 300w, https:\/\/textiles.utn.edu.ec\/wp-content\/uploads\/2021\/02\/19.-Desfile-Navidad-ecologica-Municipio-de-Atuntaqui-768x576.jpg 768w, https:\/\/textiles.utn.edu.ec\/wp-content\/uploads\/2021\/02\/19.-Desfile-Navidad-ecologica-Municipio-de-Atuntaqui-360x270.jpg 360w, https:\/\/textiles.utn.edu.ec\/wp-content\/uploads\/2021\/02\/19.-Desfile-Navidad-ecologica-Municipio-de-Atuntaqui.jpg 1280w\" sizes=\"(max-width: 1024px) 100vw, 1024px\" \/><\/a><\/figure><\/div>\n\n\n<p style=\"text-align: center;\"><em>Desfile Navidad ecol\u00f3gica Municipio de Antonio Ante<\/em><\/p>\n<p>\u00a0<\/p>\n\n\n<figure class=\"wp-block-image size-large\"><a href=\"https:\/\/textiles.utn.edu.ec\/wp-content\/uploads\/2021\/02\/20.-Vinculacion-UE-Alberto-Enriquez.jpg\"><img loading=\"lazy\" width=\"1024\" height=\"768\" src=\"https:\/\/textiles.utn.edu.ec\/wp-content\/uploads\/2021\/02\/20.-Vinculacion-UE-Alberto-Enriquez-1024x768.jpg\" alt=\"\" class=\"wp-image-1923\" srcset=\"https:\/\/textiles.utn.edu.ec\/wp-content\/uploads\/2021\/02\/20.-Vinculacion-UE-Alberto-Enriquez-1024x768.jpg 1024w, https:\/\/textiles.utn.edu.ec\/wp-content\/uploads\/2021\/02\/20.-Vinculacion-UE-Alberto-Enriquez-300x225.jpg 300w, https:\/\/textiles.utn.edu.ec\/wp-content\/uploads\/2021\/02\/20.-Vinculacion-UE-Alberto-Enriquez-768x576.jpg 768w, https:\/\/textiles.utn.edu.ec\/wp-content\/uploads\/2021\/02\/20.-Vinculacion-UE-Alberto-Enriquez-1536x1152.jpg 1536w, https:\/\/textiles.utn.edu.ec\/wp-content\/uploads\/2021\/02\/20.-Vinculacion-UE-Alberto-Enriquez-360x270.jpg 360w, https:\/\/textiles.utn.edu.ec\/wp-content\/uploads\/2021\/02\/20.-Vinculacion-UE-Alberto-Enriquez.jpg 1776w\" sizes=\"(max-width: 1024px) 100vw, 1024px\" \/><\/a><\/figure>\n\n\n<p style=\"text-align: center;\"><em data-rich-text-format-boundary=\"true\">Vinculaci\u00f3n UE Alberto Enr\u00edquez<\/em><\/p>\n\n\n<div class=\"wp-block-image\"><figure class=\"aligncenter size-large\"><a href=\"https:\/\/textiles.utn.edu.ec\/wp-content\/uploads\/2021\/02\/21.-Vinculacion-UE-Jose-Miguel-Leoro-Vasquez.jpg\"><img loading=\"lazy\" width=\"1024\" height=\"768\" src=\"https:\/\/textiles.utn.edu.ec\/wp-content\/uploads\/2021\/02\/21.-Vinculacion-UE-Jose-Miguel-Leoro-Vasquez-1024x768.jpg\" alt=\"\" class=\"wp-image-1922\" srcset=\"https:\/\/textiles.utn.edu.ec\/wp-content\/uploads\/2021\/02\/21.-Vinculacion-UE-Jose-Miguel-Leoro-Vasquez-1024x768.jpg 1024w, https:\/\/textiles.utn.edu.ec\/wp-content\/uploads\/2021\/02\/21.-Vinculacion-UE-Jose-Miguel-Leoro-Vasquez-300x225.jpg 300w, https:\/\/textiles.utn.edu.ec\/wp-content\/uploads\/2021\/02\/21.-Vinculacion-UE-Jose-Miguel-Leoro-Vasquez-768x576.jpg 768w, https:\/\/textiles.utn.edu.ec\/wp-content\/uploads\/2021\/02\/21.-Vinculacion-UE-Jose-Miguel-Leoro-Vasquez-360x270.jpg 360w, https:\/\/textiles.utn.edu.ec\/wp-content\/uploads\/2021\/02\/21.-Vinculacion-UE-Jose-Miguel-Leoro-Vasquez.jpg 1280w\" sizes=\"(max-width: 1024px) 100vw, 1024px\" \/><\/a><\/figure><\/div>\n\n\n<p style=\"text-align: center;\"><em>Vinculaci\u00f3n UE Jos\u00e9 Miguel Leoro V\u00e1squez<\/em><\/p>\n\n\n<figure class=\"wp-block-embed aligncenter is-type-video is-provider-youtube wp-block-embed-youtube wp-embed-aspect-16-9 wp-has-aspect-ratio\"><div class=\"wp-block-embed__wrapper\">\n<iframe title=\"Vinculacio\u0301n con la colectividad\" width=\"640\" height=\"360\" src=\"https:\/\/www.youtube.com\/embed\/0Y3_hp6_ECY?feature=oembed\" frameborder=\"0\" allow=\"accelerometer; autoplay; clipboard-write; encrypted-media; gyroscope; picture-in-picture; web-share\" allowfullscreen><\/iframe>\n<\/div><\/figure>\n\n\n<p style=\"text-align: center;\"><em data-rich-text-format-boundary=\"true\">Vinculaci\u00f3n con la colectividad <\/em><\/p>","protected":false},"excerpt":{"rendered":"<p>Los estudiantes que realizan la vinculaci\u00f3n con los diversos grupos de asociaciones, ejecutan las capacitaciones de forma te\u00f3rica en las aulas de la Carrera y la pr\u00e1ctica en los diferentes laboratorios destinados para el efecto, sumando a esto el proceso <a href=\"https:\/\/textiles.utn.edu.ec\/?page_id=933\" class=\"read-more\">Leer M\u00e1s [+] &#8230;<\/a><\/p>\n","protected":false},"author":7,"featured_media":0,"parent":733,"menu_order":0,"comment_status":"closed","ping_status":"closed","template":"","meta":[],"_links":{"self":[{"href":"https:\/\/textiles.utn.edu.ec\/index.php?rest_route=\/wp\/v2\/pages\/933"}],"collection":[{"href":"https:\/\/textiles.utn.edu.ec\/index.php?rest_route=\/wp\/v2\/pages"}],"about":[{"href":"https:\/\/textiles.utn.edu.ec\/index.php?rest_route=\/wp\/v2\/types\/page"}],"author":[{"embeddable":true,"href":"https:\/\/textiles.utn.edu.ec\/index.php?rest_route=\/wp\/v2\/users\/7"}],"replies":[{"embeddable":true,"href":"https:\/\/textiles.utn.edu.ec\/index.php?rest_route=%2Fwp%2Fv2%2Fcomments&post=933"}],"version-history":[{"count":24,"href":"https:\/\/textiles.utn.edu.ec\/index.php?rest_route=\/wp\/v2\/pages\/933\/revisions"}],"predecessor-version":[{"id":2774,"href":"https:\/\/textiles.utn.edu.ec\/index.php?rest_route=\/wp\/v2\/pages\/933\/revisions\/2774"}],"up":[{"embeddable":true,"href":"https:\/\/textiles.utn.edu.ec\/index.php?rest_route=\/wp\/v2\/pages\/733"}],"wp:attachment":[{"href":"https:\/\/textiles.utn.edu.ec\/index.php?rest_route=%2Fwp%2Fv2%2Fmedia&parent=933"}],"curies":[{"name":"wp","href":"https:\/\/api.w.org\/{rel}","templated":true}]}}