{"id":961,"date":"2016-10-24T10:12:39","date_gmt":"2016-10-24T15:12:39","guid":{"rendered":"http:\/\/www.utn.edu.ec\/fica\/carreras\/textil\/?page_id=961"},"modified":"2023-01-12T10:38:58","modified_gmt":"2023-01-12T15:38:58","slug":"contactos","status":"publish","type":"page","link":"https:\/\/textiles.utn.edu.ec\/?page_id=961","title":{"rendered":"Contactos"},"content":{"rendered":"<p>Para comunicarse con la Carrera de Textiles de la UTN utilice cualquiera de los siguientes medios:<\/p>\n<p><strong>Tel\u00e9fonos:<\/strong> +593 (6) 2 99 78 00 Ext. 7512<\/p>\n<p><strong>E-mail de informaci\u00f3n:<\/strong> <a href=\"mailto:ctex@utn.edu.ec\">ctex@utn.edu.ec<\/a><\/p>\n<p><strong>Ubicaci\u00f3n:<\/strong> Morona Santiago y Luciano Solano Sala.<\/p>\n<p>Sector Huertos Familiares.<\/p>\n<p>Ibarra, Ecuador, Am\u00e9rica del Sur.<\/p>\n<p><strong>C\u00f3digo Postal Institucional:<\/strong> 199<\/p>\n<p><strong>C\u00f3digo Postal Georeferencial:<\/strong> EC100110<\/p>\n<hr>\n<p><iframe style=\"border: 0;\" tabindex=\"0\" src=\"https:\/\/www.google.com\/maps\/embed?pb=!1m18!1m12!1m3!1d3989.731492831313!2d-78.12555398524671!3d0.377998899724219!2m3!1f0!2f0!3f0!3m2!1i1024!2i768!4f13.1!3m3!1m2!1s0x8e2a3b4573ee6185%3A0xacccd8e286efad45!2sIngenieria%20Textil%20UTN!5e0!3m2!1ses-419!2sec!4v1614276720041!5m2!1ses-419!2sec\" width=\"600\" height=\"450\" allowfullscreen=\"allowfullscreen\"><\/iframe><\/p>\n<hr>\n<blockquote><p><strong>Tenga presente que los comentarios pueden enviar al buz\u00f3n de sugerencias en esta misma \u00e1rea, escriba sus datos y comentarios como campos obligatorios.<\/strong><\/p><\/blockquote>\n","protected":false},"excerpt":{"rendered":"<p>Para comunicarse con la Carrera de Textiles de la UTN utilice cualquiera de los siguientes medios: Tel\u00e9fonos: +593 (6) 2 99 78 00 Ext. 7512 E-mail de informaci\u00f3n: ctex@utn.edu.ec Ubicaci\u00f3n: Morona Santiago y Luciano Solano Sala. Sector Huertos Familiares. Ibarra, <a href=\"https:\/\/textiles.utn.edu.ec\/?page_id=961\" class=\"read-more\">Leer M\u00e1s [+] &#8230;<\/a><\/p>\n","protected":false},"author":7,"featured_media":0,"parent":0,"menu_order":0,"comment_status":"closed","ping_status":"open","template":"","meta":[],"_links":{"self":[{"href":"https:\/\/textiles.utn.edu.ec\/index.php?rest_route=\/wp\/v2\/pages\/961"}],"collection":[{"href":"https:\/\/textiles.utn.edu.ec\/index.php?rest_route=\/wp\/v2\/pages"}],"about":[{"href":"https:\/\/textiles.utn.edu.ec\/index.php?rest_route=\/wp\/v2\/types\/page"}],"author":[{"embeddable":true,"href":"https:\/\/textiles.utn.edu.ec\/index.php?rest_route=\/wp\/v2\/users\/7"}],"replies":[{"embeddable":true,"href":"https:\/\/textiles.utn.edu.ec\/index.php?rest_route=%2Fwp%2Fv2%2Fcomments&post=961"}],"version-history":[{"count":14,"href":"https:\/\/textiles.utn.edu.ec\/index.php?rest_route=\/wp\/v2\/pages\/961\/revisions"}],"predecessor-version":[{"id":2620,"href":"https:\/\/textiles.utn.edu.ec\/index.php?rest_route=\/wp\/v2\/pages\/961\/revisions\/2620"}],"wp:attachment":[{"href":"https:\/\/textiles.utn.edu.ec\/index.php?rest_route=%2Fwp%2Fv2%2Fmedia&parent=961"}],"curies":[{"name":"wp","href":"https:\/\/api.w.org\/{rel}","templated":true}]}}